{"id":926,"date":"2020-09-23T12:26:01","date_gmt":"2020-09-23T10:26:01","guid":{"rendered":"http:\/\/157.230.24.196\/?post_type=product&#038;p=926"},"modified":"2020-09-23T12:26:02","modified_gmt":"2020-09-23T10:26:02","slug":"oerehaengere-i-8kt-guld-med-zirkonia","status":"publish","type":"product","link":"http:\/\/jewelz.dk\/?product=oerehaengere-i-8kt-guld-med-zirkonia","title":{"rendered":"\u00d8reh\u00e6ngere i 8kt. guld med zirkonia"},"content":{"rendered":"<p>\u00d8reh\u00e6ngere i 8kt. guld med zirkonia<\/p>\n","protected":false},"excerpt":{"rendered":"<p>\u00d8reh\u00e6ngere i 8kt. guld med zirkonia<\/p>\n","protected":false},"featured_media":895,"comment_status":"open","ping_status":"closed","template":"","meta":[],"_links":{"self":[{"href":"http:\/\/jewelz.dk\/index.php?rest_route=\/wp\/v2\/product\/926"}],"collection":[{"href":"http:\/\/jewelz.dk\/index.php?rest_route=\/wp\/v2\/product"}],"about":[{"href":"http:\/\/jewelz.dk\/index.php?rest_route=\/wp\/v2\/types\/product"}],"replies":[{"embeddable":true,"href":"http:\/\/jewelz.dk\/index.php?rest_route=%2Fwp%2Fv2%2Fcomments&post=926"}],"wp:featuredmedia":[{"embeddable":true,"href":"http:\/\/jewelz.dk\/index.php?rest_route=\/wp\/v2\/media\/895"}],"wp:attachment":[{"href":"http:\/\/jewelz.dk\/index.php?rest_route=%2Fwp%2Fv2%2Fmedia&parent=926"}],"curies":[{"name":"wp","href":"https:\/\/api.w.org\/{rel}","templated":true}]}}