{"id":925,"date":"2020-09-23T12:22:34","date_gmt":"2020-09-23T10:22:34","guid":{"rendered":"http:\/\/157.230.24.196\/?post_type=product&#038;p=925"},"modified":"2020-09-23T12:22:34","modified_gmt":"2020-09-23T10:22:34","slug":"guld-cirkel-vedhaeng-med-zirkonia","status":"publish","type":"product","link":"http:\/\/jewelz.dk\/?product=guld-cirkel-vedhaeng-med-zirkonia","title":{"rendered":"Guld cirkel vedh\u00e6ng med zirkonia"},"content":{"rendered":"<p>Guld cirkel vedh\u00e6ng med zirkonia<\/p>\n<p>med en 45cm forgyldt s\u00f8lv k\u00e6de<\/p>\n","protected":false},"excerpt":{"rendered":"<p>Guld cirkel vedh\u00e6ng med zirkonia med en 45cm forgyldt s\u00f8lv k\u00e6de<\/p>\n","protected":false},"featured_media":894,"comment_status":"open","ping_status":"closed","template":"","meta":[],"_links":{"self":[{"href":"http:\/\/jewelz.dk\/index.php?rest_route=\/wp\/v2\/product\/925"}],"collection":[{"href":"http:\/\/jewelz.dk\/index.php?rest_route=\/wp\/v2\/product"}],"about":[{"href":"http:\/\/jewelz.dk\/index.php?rest_route=\/wp\/v2\/types\/product"}],"replies":[{"embeddable":true,"href":"http:\/\/jewelz.dk\/index.php?rest_route=%2Fwp%2Fv2%2Fcomments&post=925"}],"wp:featuredmedia":[{"embeddable":true,"href":"http:\/\/jewelz.dk\/index.php?rest_route=\/wp\/v2\/media\/894"}],"wp:attachment":[{"href":"http:\/\/jewelz.dk\/index.php?rest_route=%2Fwp%2Fv2%2Fmedia&parent=925"}],"curies":[{"name":"wp","href":"https:\/\/api.w.org\/{rel}","templated":true}]}}