{"id":910,"date":"2020-09-23T11:04:06","date_gmt":"2020-09-23T09:04:06","guid":{"rendered":"http:\/\/157.230.24.196\/?post_type=product&#038;p=910"},"modified":"2020-09-23T11:04:06","modified_gmt":"2020-09-23T09:04:06","slug":"seville-soelv-forgyldt-oerestik-med-muliti-farvede-zirkonia","status":"publish","type":"product","link":"http:\/\/jewelz.dk\/?product=seville-soelv-forgyldt-oerestik-med-muliti-farvede-zirkonia","title":{"rendered":"Seville s\u00f8lv forgyldt \u00f8restik med muliti farvede zirkonia"},"content":{"rendered":"<p>Seville s\u00f8lv forgyldt \u00f8restikker med muliti farvede zirkonia<\/p>\n<p>10mm. i diameter<\/p>\n","protected":false},"excerpt":{"rendered":"<p>Seville s\u00f8lv forgyldt \u00f8restikker med muliti farvede zirkonia 10mm. i diameter<\/p>\n","protected":false},"featured_media":885,"comment_status":"open","ping_status":"closed","template":"","meta":[],"_links":{"self":[{"href":"http:\/\/jewelz.dk\/index.php?rest_route=\/wp\/v2\/product\/910"}],"collection":[{"href":"http:\/\/jewelz.dk\/index.php?rest_route=\/wp\/v2\/product"}],"about":[{"href":"http:\/\/jewelz.dk\/index.php?rest_route=\/wp\/v2\/types\/product"}],"replies":[{"embeddable":true,"href":"http:\/\/jewelz.dk\/index.php?rest_route=%2Fwp%2Fv2%2Fcomments&post=910"}],"wp:featuredmedia":[{"embeddable":true,"href":"http:\/\/jewelz.dk\/index.php?rest_route=\/wp\/v2\/media\/885"}],"wp:attachment":[{"href":"http:\/\/jewelz.dk\/index.php?rest_route=%2Fwp%2Fv2%2Fmedia&parent=910"}],"curies":[{"name":"wp","href":"https:\/\/api.w.org\/{rel}","templated":true}]}}