{"id":909,"date":"2020-09-23T10:58:09","date_gmt":"2020-09-23T08:58:09","guid":{"rendered":"http:\/\/157.230.24.196\/?post_type=product&#038;p=909"},"modified":"2020-09-30T12:54:50","modified_gmt":"2020-09-30T10:54:50","slug":"seville-soelv-forgyldt-vedhaeng-med-farvede-zirkonia","status":"publish","type":"product","link":"http:\/\/jewelz.dk\/?product=seville-soelv-forgyldt-vedhaeng-med-farvede-zirkonia","title":{"rendered":"Seville s\u00f8lv forgyldt vedh\u00e6ng med farvede zirkonia"},"content":{"rendered":"<p>Seville s\u00f8lv forgyldt vedh\u00e6ng med farvede zirkonia<\/p>\n<p>12mm i diameter. Med 45cm k\u00e6de<\/p>\n","protected":false},"excerpt":{"rendered":"<p>Seville s\u00f8lv forgyldt vedh\u00e6ng med farvede zirkonia 12mm i diameter. Med 45cm k\u00e6de<\/p>\n","protected":false},"featured_media":886,"comment_status":"open","ping_status":"closed","template":"","meta":[],"_links":{"self":[{"href":"http:\/\/jewelz.dk\/index.php?rest_route=\/wp\/v2\/product\/909"}],"collection":[{"href":"http:\/\/jewelz.dk\/index.php?rest_route=\/wp\/v2\/product"}],"about":[{"href":"http:\/\/jewelz.dk\/index.php?rest_route=\/wp\/v2\/types\/product"}],"replies":[{"embeddable":true,"href":"http:\/\/jewelz.dk\/index.php?rest_route=%2Fwp%2Fv2%2Fcomments&post=909"}],"wp:featuredmedia":[{"embeddable":true,"href":"http:\/\/jewelz.dk\/index.php?rest_route=\/wp\/v2\/media\/886"}],"wp:attachment":[{"href":"http:\/\/jewelz.dk\/index.php?rest_route=%2Fwp%2Fv2%2Fmedia&parent=909"}],"curies":[{"name":"wp","href":"https:\/\/api.w.org\/{rel}","templated":true}]}}