{"id":795,"date":"2020-09-15T14:31:41","date_gmt":"2020-09-15T12:31:41","guid":{"rendered":"http:\/\/157.230.24.196\/?post_type=product&#038;p=795"},"modified":"2020-09-15T14:31:42","modified_gmt":"2020-09-15T12:31:42","slug":"hvidguld-vedhaeng-med-safir-og-brillanter-14kt","status":"publish","type":"product","link":"http:\/\/jewelz.dk\/?product=hvidguld-vedhaeng-med-safir-og-brillanter-14kt","title":{"rendered":"Hvidguld vedh\u00e6ng med safir og brillanter 14kt."},"content":{"rendered":"<p>Incl. en 45cm. rhodineret s\u00f8lv k\u00e6de<\/p>\n<p>14kt. hvidguldsvedh\u00e6ng med safir og brillanter.<\/p>\n<p>Brillanter: ialt Ct. 0,05W.SI.<\/p>\n","protected":false},"excerpt":{"rendered":"<p>Incl. en 45cm. rhodineret s\u00f8lv k\u00e6de 14kt. hvidguldsvedh\u00e6ng med safir og brillanter. Brillanter: ialt Ct. 0,05W.SI.<\/p>\n","protected":false},"featured_media":727,"comment_status":"open","ping_status":"closed","template":"","meta":[],"_links":{"self":[{"href":"http:\/\/jewelz.dk\/index.php?rest_route=\/wp\/v2\/product\/795"}],"collection":[{"href":"http:\/\/jewelz.dk\/index.php?rest_route=\/wp\/v2\/product"}],"about":[{"href":"http:\/\/jewelz.dk\/index.php?rest_route=\/wp\/v2\/types\/product"}],"replies":[{"embeddable":true,"href":"http:\/\/jewelz.dk\/index.php?rest_route=%2Fwp%2Fv2%2Fcomments&post=795"}],"wp:featuredmedia":[{"embeddable":true,"href":"http:\/\/jewelz.dk\/index.php?rest_route=\/wp\/v2\/media\/727"}],"wp:attachment":[{"href":"http:\/\/jewelz.dk\/index.php?rest_route=%2Fwp%2Fv2%2Fmedia&parent=795"}],"curies":[{"name":"wp","href":"https:\/\/api.w.org\/{rel}","templated":true}]}}