{"id":774,"date":"2020-09-11T14:31:12","date_gmt":"2020-09-11T12:31:12","guid":{"rendered":"http:\/\/157.230.24.196\/?post_type=product&#038;p=774"},"modified":"2023-08-02T08:53:08","modified_gmt":"2023-08-02T06:53:08","slug":"guld-oerestik-8kt-hjerte-med-zirkonia","status":"publish","type":"product","link":"http:\/\/jewelz.dk\/?product=guld-oerestik-8kt-hjerte-med-zirkonia","title":{"rendered":"Guld \u00f8restik 8kt. hjerte med zirkonia"},"content":{"rendered":"<p>Den perfekte gave til den du holder af\u2665<\/p>\n<p>Disse flotte hjerte \u00f8restikker i guld sidder og pynter godt p\u00e5 alle \u00f8re\u2665<\/p>\n","protected":false},"excerpt":{"rendered":"<p>Den perfekte gave til den du holder af\u2665 Disse flotte hjerte \u00f8restikker i guld sidder og pynter godt p\u00e5 alle \u00f8re\u2665<\/p>\n","protected":false},"featured_media":733,"comment_status":"open","ping_status":"closed","template":"","meta":[],"_links":{"self":[{"href":"http:\/\/jewelz.dk\/index.php?rest_route=\/wp\/v2\/product\/774"}],"collection":[{"href":"http:\/\/jewelz.dk\/index.php?rest_route=\/wp\/v2\/product"}],"about":[{"href":"http:\/\/jewelz.dk\/index.php?rest_route=\/wp\/v2\/types\/product"}],"replies":[{"embeddable":true,"href":"http:\/\/jewelz.dk\/index.php?rest_route=%2Fwp%2Fv2%2Fcomments&post=774"}],"wp:featuredmedia":[{"embeddable":true,"href":"http:\/\/jewelz.dk\/index.php?rest_route=\/wp\/v2\/media\/733"}],"wp:attachment":[{"href":"http:\/\/jewelz.dk\/index.php?rest_route=%2Fwp%2Fv2%2Fmedia&parent=774"}],"curies":[{"name":"wp","href":"https:\/\/api.w.org\/{rel}","templated":true}]}}