{"id":743,"date":"2020-09-11T11:07:31","date_gmt":"2020-09-11T09:07:31","guid":{"rendered":"http:\/\/157.230.24.196\/?post_type=product&#038;p=743"},"modified":"2020-09-11T11:07:32","modified_gmt":"2020-09-11T09:07:32","slug":"soelv-forgyldt-spiral-vedhaeng","status":"publish","type":"product","link":"http:\/\/jewelz.dk\/?product=soelv-forgyldt-spiral-vedhaeng","title":{"rendered":"S\u00f8lv forgyldt spiral vedh\u00e6ng"},"content":{"rendered":"<p>Med 80cm forgyldt s\u00f8lv k\u00e6de<\/p>\n","protected":false},"excerpt":{"rendered":"<p>Med 80cm forgyldt s\u00f8lv k\u00e6de<\/p>\n","protected":false},"featured_media":738,"comment_status":"open","ping_status":"closed","template":"","meta":[],"_links":{"self":[{"href":"http:\/\/jewelz.dk\/index.php?rest_route=\/wp\/v2\/product\/743"}],"collection":[{"href":"http:\/\/jewelz.dk\/index.php?rest_route=\/wp\/v2\/product"}],"about":[{"href":"http:\/\/jewelz.dk\/index.php?rest_route=\/wp\/v2\/types\/product"}],"replies":[{"embeddable":true,"href":"http:\/\/jewelz.dk\/index.php?rest_route=%2Fwp%2Fv2%2Fcomments&post=743"}],"wp:featuredmedia":[{"embeddable":true,"href":"http:\/\/jewelz.dk\/index.php?rest_route=\/wp\/v2\/media\/738"}],"wp:attachment":[{"href":"http:\/\/jewelz.dk\/index.php?rest_route=%2Fwp%2Fv2%2Fmedia&parent=743"}],"curies":[{"name":"wp","href":"https:\/\/api.w.org\/{rel}","templated":true}]}}