{"id":3086,"date":"2020-11-19T15:17:46","date_gmt":"2020-11-19T13:17:46","guid":{"rendered":"http:\/\/157.230.24.196\/?post_type=product&#038;p=3086"},"modified":"2020-11-19T15:20:07","modified_gmt":"2020-11-19T13:20:07","slug":"new-copenhagen-ring","status":"publish","type":"product","link":"http:\/\/jewelz.dk\/?product=new-copenhagen-ring","title":{"rendered":"New Copenhagen ring"},"content":{"rendered":"","protected":false},"excerpt":{"rendered":"<p>New Copenhagen er en en ombytningsserie fra Nuran. Ringskinnen er blank som bliver smallere jo t\u00e6ttere den kommer p\u00e5 fatningerne. Ringen fremstilles i 14 kt. r\u00f8dguld, sat med funklende brillantslebne diamanter i kvaliteten Wesselton vs. 1&#215;0,08ct. 2&#215;0,04ct. ( i alt 0,16ct. ) Midterstenen er st\u00f8rre end de to andre sten der sidder p\u00e5 hver side.<\/p>\n<p>&nbsp;<\/p>\n<p>Der er mulighed for at starte med\u00a0mindre\u00a0brillanter og inden for 2 \u00e5r lade disse brillanter vokse, n\u00e5r livet bringer smukke anledninger.<\/p>\n","protected":false},"featured_media":3083,"comment_status":"open","ping_status":"closed","template":"","meta":[],"_links":{"self":[{"href":"http:\/\/jewelz.dk\/index.php?rest_route=\/wp\/v2\/product\/3086"}],"collection":[{"href":"http:\/\/jewelz.dk\/index.php?rest_route=\/wp\/v2\/product"}],"about":[{"href":"http:\/\/jewelz.dk\/index.php?rest_route=\/wp\/v2\/types\/product"}],"replies":[{"embeddable":true,"href":"http:\/\/jewelz.dk\/index.php?rest_route=%2Fwp%2Fv2%2Fcomments&post=3086"}],"wp:featuredmedia":[{"embeddable":true,"href":"http:\/\/jewelz.dk\/index.php?rest_route=\/wp\/v2\/media\/3083"}],"wp:attachment":[{"href":"http:\/\/jewelz.dk\/index.php?rest_route=%2Fwp%2Fv2%2Fmedia&parent=3086"}],"curies":[{"name":"wp","href":"https:\/\/api.w.org\/{rel}","templated":true}]}}