{"id":3075,"date":"2020-11-19T13:35:35","date_gmt":"2020-11-19T11:35:35","guid":{"rendered":"http:\/\/157.230.24.196\/?post_type=product&#038;p=3075"},"modified":"2020-11-19T13:35:39","modified_gmt":"2020-11-19T11:35:39","slug":"a4019-14kt","status":"publish","type":"product","link":"http:\/\/jewelz.dk\/?product=a4019-14kt","title":{"rendered":"A4019 &#8211; 14kt"},"content":{"rendered":"<p><span style=\"color: #008000;\">Gratis Gravering<\/span><\/p>\n<p>\u00d8nskes gravering s\u00e5 skriv den \u00f8nskede tekst i kommentarfeltet ved check out<\/p>\n","protected":false},"excerpt":{"rendered":"<p>14 kt. guldringe i 4,5 mm med blank overflade. Dame ringen er prydet med i alt 0,12 ct. brillanter.<\/p>\n","protected":false},"featured_media":3066,"comment_status":"open","ping_status":"closed","template":"","meta":[],"_links":{"self":[{"href":"http:\/\/jewelz.dk\/index.php?rest_route=\/wp\/v2\/product\/3075"}],"collection":[{"href":"http:\/\/jewelz.dk\/index.php?rest_route=\/wp\/v2\/product"}],"about":[{"href":"http:\/\/jewelz.dk\/index.php?rest_route=\/wp\/v2\/types\/product"}],"replies":[{"embeddable":true,"href":"http:\/\/jewelz.dk\/index.php?rest_route=%2Fwp%2Fv2%2Fcomments&post=3075"}],"wp:featuredmedia":[{"embeddable":true,"href":"http:\/\/jewelz.dk\/index.php?rest_route=\/wp\/v2\/media\/3066"}],"wp:attachment":[{"href":"http:\/\/jewelz.dk\/index.php?rest_route=%2Fwp%2Fv2%2Fmedia&parent=3075"}],"curies":[{"name":"wp","href":"https:\/\/api.w.org\/{rel}","templated":true}]}}