{"id":3072,"date":"2020-11-19T13:27:53","date_gmt":"2020-11-19T11:27:53","guid":{"rendered":"http:\/\/157.230.24.196\/?post_type=product&#038;p=3072"},"modified":"2020-11-19T13:29:13","modified_gmt":"2020-11-19T11:29:13","slug":"a4003-14-kt","status":"publish","type":"product","link":"http:\/\/jewelz.dk\/?product=a4003-14-kt","title":{"rendered":"A4003 &#8211; 14 kt."},"content":{"rendered":"<p><span style=\"color: #008000;\">Gratis Gravering<\/span><\/p>\n<p><span style=\"color: #000000;\">\u00d8nskes gravering s\u00e5 skriv den \u00f8nskede tekst i kommentar feltet ved check out<\/span><\/p>\n<p>Leveringstid ca. 3 uger<\/p>\n","protected":false},"excerpt":{"rendered":"<p>14 kt. blanke guldringe i 4 mm. Dame ringen er prydet med i alt 0,05 ct. brillanter i stjernedrys.<\/p>\n","protected":false},"featured_media":3064,"comment_status":"open","ping_status":"closed","template":"","meta":[],"_links":{"self":[{"href":"http:\/\/jewelz.dk\/index.php?rest_route=\/wp\/v2\/product\/3072"}],"collection":[{"href":"http:\/\/jewelz.dk\/index.php?rest_route=\/wp\/v2\/product"}],"about":[{"href":"http:\/\/jewelz.dk\/index.php?rest_route=\/wp\/v2\/types\/product"}],"replies":[{"embeddable":true,"href":"http:\/\/jewelz.dk\/index.php?rest_route=%2Fwp%2Fv2%2Fcomments&post=3072"}],"wp:featuredmedia":[{"embeddable":true,"href":"http:\/\/jewelz.dk\/index.php?rest_route=\/wp\/v2\/media\/3064"}],"wp:attachment":[{"href":"http:\/\/jewelz.dk\/index.php?rest_route=%2Fwp%2Fv2%2Fmedia&parent=3072"}],"curies":[{"name":"wp","href":"https:\/\/api.w.org\/{rel}","templated":true}]}}