{"id":3030,"date":"2020-10-12T18:50:44","date_gmt":"2020-10-12T16:50:44","guid":{"rendered":"http:\/\/157.230.24.196\/?post_type=product&#038;p=3030"},"modified":"2020-10-12T18:58:55","modified_gmt":"2020-10-12T16:58:55","slug":"allianz-ring-med-5-x-002-ct","status":"publish","type":"product","link":"http:\/\/jewelz.dk\/?product=allianz-ring-med-5-x-002-ct","title":{"rendered":"Allianz ring med 5 x 0,02 ct."},"content":{"rendered":"<h3>Klassisk diamant-alliancering i 14 karat hvidguld med 5 stk. \u00a0brillant slebet diamanter i alt 0,10 carat.<\/h3>\n<p>Allianceringe bygger p\u00e5 flot dansk design. Ringene best\u00e5r af en smuk guldring eller hvidguld, med en unik brillant. Ikke nok med det, s\u00e5 byder allianceringene p\u00e5 en unik mulighed, nemlig muligheden for at s\u00e6tte flere brillanter i over tid. N\u00e5r du k\u00f8ber en diamantringe fra Alliance-serien er du sikker p\u00e5 at f\u00e5 god kvalitet. Du kan f\u00e5 guldringene med forskellige st\u00f8rrelse brillant, s\u00e5 du kan finde den ring der passer perfekt til dig. I Jewelz.dk har vi et stort udvalg at smukke diamantringe, guldringe og hvidguld, s\u00e5 der er netop lige det der passer dig, du er altid sikker p\u00e5 at f\u00e5 leveret top kvalitet. Alliance ringen er ogs\u00e5 god som forlovelsesring. Du er sikret at det er billige diamantringe sammenlignet med andre. Der er ofte tilbud p\u00e5 de unikke smykker fra Alliance-serien, hvor du kan spare op til 30-50%. Alle ringene fremstilles i 14 karats guld. Du er sikret hurtig levering 1-6 dage.<\/p>\n<p>Allianz ringene er skabt for kunne at tilbyde dig klassiske alliance ringe til en fantastisk konkurrencedygtig pris, uden at g\u00e5 p\u00e5 kompromis med din oplevelse af de fantastiske brillanter. Men vi har ogs\u00e5 gjort mere end det, for du kan ogs\u00e5 f\u00e5 matchende hals og \u00f8resmykker til Allianz ringene. \u00a0Du kan selv sammenligne med andre allianceringe, i din butik eller her p\u00e5 nettet.<\/p>\n<h3>Genererelt om dimantringe \u2013 Allianz.<\/h3>\n<p>Alliance-ringene i 14 kt. guld \u00a0er en hyldest til det klassiske design. Fokus i formgivningen er rene enkle linjer og et elegant design, der fremh\u00e6ver diamanten og sikrer at din ring bliver smukkere, efterh\u00e5nden som du f\u00e5r isat flere diamanter. Som noget helt unikt kan Allianz ringene endda sammens\u00e6ttes til din helt egen samlering sammen med smykke serierne Brillanz og Art Jewelz, s\u00e5 din ring bliver st\u00f8rre og smukkere med tiden, i takt med at du f\u00e5r flere ringe. Det er i sandhed en fantastisk gennemt\u00e6nkt alliancering, som \u00e5bner et stort univers for netop den kombination som passer dig. Alliance- ringene er ogs\u00e5 en del af den klassiske Allianz serie, hvor du ogs\u00e5 kan f\u00e5 hele serien med \u00f8restikker og vedh\u00e6ng i guld for at skabe en flot helhed.<\/p>\n<p>N\u00e5r du k\u00f8ber en Allianz diamant-alliancering i 14 karat hvidguld, s\u00e5 f\u00f8lger der et diamant-certifikat sammen med din ring. Diamant-certifikatet indeholder en beskrivelse af diamant kvaliteten p\u00e5 den diamant der er indfattet i din ring. Alle diamanterne fra Jewelz.dk er brillant slebet, og kaldes derfor ofte for brillanter . Den samlede diamantkvalitet er n\u00f8je udvalgt for at give dig den absolut \u00a0st\u00f8rste og smukkeste diamant til en meget attraktiv pris.<\/p>\n","protected":false},"excerpt":{"rendered":"<p>Alliance ring i 14 karat guld med 5 stk. 0,02 brillant slebet diamant ialt: 0,10 ct. W.SI<\/p>\n","protected":false},"featured_media":3032,"comment_status":"open","ping_status":"closed","template":"","meta":[],"_links":{"self":[{"href":"http:\/\/jewelz.dk\/index.php?rest_route=\/wp\/v2\/product\/3030"}],"collection":[{"href":"http:\/\/jewelz.dk\/index.php?rest_route=\/wp\/v2\/product"}],"about":[{"href":"http:\/\/jewelz.dk\/index.php?rest_route=\/wp\/v2\/types\/product"}],"replies":[{"embeddable":true,"href":"http:\/\/jewelz.dk\/index.php?rest_route=%2Fwp%2Fv2%2Fcomments&post=3030"}],"wp:featuredmedia":[{"embeddable":true,"href":"http:\/\/jewelz.dk\/index.php?rest_route=\/wp\/v2\/media\/3032"}],"wp:attachment":[{"href":"http:\/\/jewelz.dk\/index.php?rest_route=%2Fwp%2Fv2%2Fmedia&parent=3030"}],"curies":[{"name":"wp","href":"https:\/\/api.w.org\/{rel}","templated":true}]}}