{"id":3018,"date":"2020-10-12T18:15:54","date_gmt":"2020-10-12T16:15:54","guid":{"rendered":"http:\/\/157.230.24.196\/?post_type=product&#038;p=3018"},"modified":"2020-10-12T18:19:55","modified_gmt":"2020-10-12T16:19:55","slug":"lady-alliance-ring-i-14-kt-guld-med-5-x-003ct-brillant","status":"publish","type":"product","link":"http:\/\/jewelz.dk\/?product=lady-alliance-ring-i-14-kt-guld-med-5-x-003ct-brillant","title":{"rendered":"Lady alliance ring i 14 kt. guld med 5 x 0,03ct. brillant"},"content":{"rendered":"<p>Lady ring i 14 kt. guld med 5 x 0,03ct. fuldslebne brillanter Wesselton SI. Lady alliance er en del af en ombytningsserivice hvor ringene kan byttes i op til 2 \u00e5r fra k\u00f8bsdatoen til et tilsvarende smykke med st\u00f8rre eller flere brillanter. Den oprindelig k\u00f8bspris fratr\u00e6kkes s\u00e5 du kun betaler differencen.<\/p>\n","protected":false},"excerpt":{"rendered":"<p>Lady ring i 14 kt. guld med 5 x 0,03ct. fuldslebne brillanter Wesselton SI. Lady alliance er en del af en ombytningsserivice hvor ringene kan byttes i op til 2 \u00e5r fra k\u00f8bsdatoen til et tilsvarende smykke med st\u00f8rre eller flere brillanter. Den oprindelig k\u00f8bspris fratr\u00e6kkes s\u00e5 du kun betaler differencen.<\/p>\n","protected":false},"featured_media":2995,"comment_status":"open","ping_status":"closed","template":"","meta":[],"_links":{"self":[{"href":"http:\/\/jewelz.dk\/index.php?rest_route=\/wp\/v2\/product\/3018"}],"collection":[{"href":"http:\/\/jewelz.dk\/index.php?rest_route=\/wp\/v2\/product"}],"about":[{"href":"http:\/\/jewelz.dk\/index.php?rest_route=\/wp\/v2\/types\/product"}],"replies":[{"embeddable":true,"href":"http:\/\/jewelz.dk\/index.php?rest_route=%2Fwp%2Fv2%2Fcomments&post=3018"}],"wp:featuredmedia":[{"embeddable":true,"href":"http:\/\/jewelz.dk\/index.php?rest_route=\/wp\/v2\/media\/2995"}],"wp:attachment":[{"href":"http:\/\/jewelz.dk\/index.php?rest_route=%2Fwp%2Fv2%2Fmedia&parent=3018"}],"curies":[{"name":"wp","href":"https:\/\/api.w.org\/{rel}","templated":true}]}}