{"id":2853,"date":"2020-10-11T09:18:06","date_gmt":"2020-10-11T07:18:06","guid":{"rendered":"http:\/\/157.230.24.196\/?post_type=product&#038;p=2853"},"modified":"2023-07-09T03:48:56","modified_gmt":"2023-07-09T01:48:56","slug":"starz-diamantring","status":"publish","type":"product","link":"http:\/\/jewelz.dk\/?product=starz-diamantring","title":{"rendered":"Starz diamantring"},"content":{"rendered":"<h1 class=\"product_title entry-title\"><span style=\"font-size: 16px;\">Starz diamant ring i 14 karat hvidguld med 1 brillant sleben diamant 0,10 ct. i White F-G\/SI diamantkvalitet.<\/span><\/h1>\n<p>&nbsp;<\/p>\n<div class=\"summary entry-summary\">\n<form class=\"variations_form cart\" action=\"https:\/\/guldsmedenesnetbutik.dk\/shop\/diamantsmykker\/ringe\/guld-ringe\/starz-diamantring-005-100-ct\/\" enctype=\"multipart\/form-data\" method=\"post\" data-product_id=\"18714\" data-product_variations=\"false\">\n<div class=\"single_variation_wrap\">\n<div class=\"woocommerce-variation single_variation\">\n<div class=\"woocommerce-variation-price\">\n<h3><strong>Starz diamantring i guld \/ hvidguld med 1 brillant slebet diamant.<\/strong><\/h3>\n<p>N\u00e5r du k\u00f8ber en Starz diamantring er du sikker p\u00e5 at f\u00e5 et unikt dansk design i kvalitet. Diamantringene findes b\u00e5de i guld og hvidguld. I Jewelz.dk har vi et stort udvalg at smukke diamantringe, s\u00e5 der er netop lige det der passer dig. Du er altid sikker p\u00e5 at f\u00e5 leveret top kvalitet.<\/p>\n<p>Starz ringene er skabt for kunne at tilbyde dig klassiske diamantringe til en fantastisk konkurrencedygtig pris, uden at g\u00e5 p\u00e5 kompromis med din oplevelse af den fantastiske brillant. Du kan selv sammenligne med andre diamantringe, hos din lokale guldsmed eller her p\u00e5 nettet.<\/p>\n<p>N\u00e5r du k\u00f8ber en \u00a0Starz diamantring, s\u00e5 f\u00f8lger der et diamant-certifikat sammen med din ring. Diamant-certifikatet indeholder en beskrivelse af diamant kvaliteten p\u00e5 den diamant der er indfattet i din ring. Alle diamanterne fra jewelz.dk er brilliant slebet, og kaldes derfor ofte for brillanter. Den samlede diamantkvalitet er n\u00f8je udvalgt for at give dig den absolut \u00a0st\u00f8rste og smukkeste diamant til en meget attraktiv pris.<\/p>\n<\/div>\n<div class=\"woocommerce-variation-availability\">\n<p class=\"stock in-stock\">\n<\/div>\n<\/div>\n<div class=\"ViabillPricetagHolder\"><\/div>\n<div class=\"woocommerce-variation-add-to-cart variations_button woocommerce-variation-add-to-cart-enabled\">\n<div class=\"wccpf-fields-container\">\n<div class=\"wccpf-fields-group-1\"><\/div>\n<div class=\"wccpf-fields-group-2\"><\/div>\n<\/div>\n<div class=\"wcff-variation-field\" data-area=\"woocommerce_before_add_to_cart_button\"><\/div>\n<div class=\"quantity\"><\/div>\n<div class=\"wccpf-fields-container\"><\/div>\n<div class=\"wcff-variation-field\" data-area=\"woocommerce_after_add_to_cart_button\"><\/div>\n<\/div>\n<\/div>\n<\/form>\n<div class=\"wccpf-fields-container\"><\/div>\n<div class=\"wcff-variation-field\" data-area=\"woocommerce_after_add_to_cart_form\"><\/div>\n<div class=\"product_meta\"><\/div>\n<\/div>\n<div class=\"woocommerce-tabs wc-tabs-wrapper\">\n<div id=\"tab-description\" class=\"woocommerce-Tabs-panel woocommerce-Tabs-panel--description panel entry-content wc-tab\" role=\"tabpanel\" aria-labelledby=\"tab-title-description\">\n<h2><\/h2>\n<\/div>\n<\/div>\n","protected":false},"excerpt":{"rendered":"<p>Starz diamant ring i 14 karat hvidguld med 1 brillant sleben diamant 0,10 ct. i White F-G\/SI diamantkvalitet. &nbsp; Starz diamantring i guld \/ hvidguld med 1 brillant slebet diamant. N\u00e5r du k\u00f8ber en Starz diamantring er du sikker p\u00e5 at f\u00e5 et unikt dansk design i kvalitet. Diamantringene findes b\u00e5de i guld og hvidguld.&hellip;<\/p>\n","protected":false},"featured_media":2855,"comment_status":"open","ping_status":"closed","template":"","meta":[],"_links":{"self":[{"href":"http:\/\/jewelz.dk\/index.php?rest_route=\/wp\/v2\/product\/2853"}],"collection":[{"href":"http:\/\/jewelz.dk\/index.php?rest_route=\/wp\/v2\/product"}],"about":[{"href":"http:\/\/jewelz.dk\/index.php?rest_route=\/wp\/v2\/types\/product"}],"replies":[{"embeddable":true,"href":"http:\/\/jewelz.dk\/index.php?rest_route=%2Fwp%2Fv2%2Fcomments&post=2853"}],"wp:featuredmedia":[{"embeddable":true,"href":"http:\/\/jewelz.dk\/index.php?rest_route=\/wp\/v2\/media\/2855"}],"wp:attachment":[{"href":"http:\/\/jewelz.dk\/index.php?rest_route=%2Fwp%2Fv2%2Fmedia&parent=2853"}],"curies":[{"name":"wp","href":"https:\/\/api.w.org\/{rel}","templated":true}]}}