{"id":2828,"date":"2020-10-10T22:50:42","date_gmt":"2020-10-10T20:50:42","guid":{"rendered":"http:\/\/157.230.24.196\/?post_type=product&#038;p=2828"},"modified":"2020-10-12T11:06:35","modified_gmt":"2020-10-12T09:06:35","slug":"livets-trae-vedhaeng-med-multi-farvede-zirkonia","status":"publish","type":"product","link":"http:\/\/jewelz.dk\/?product=livets-trae-vedhaeng-med-multi-farvede-zirkonia","title":{"rendered":"Livets tr\u00e6 vedh\u00e6ng med multi farvede zirkonia"},"content":{"rendered":"<h1>Livets tr\u00e6 vedh\u00e6ng med multi farvede zirkonia<\/h1>\n<h3>med 45cm s\u00f8lvk\u00e6de. Vedh\u00e6ng 13x9mm<\/h3>\n","protected":false},"excerpt":{"rendered":"<p>Livets tr\u00e6 vedh\u00e6ng med multi farvede zirkonia med 45cm s\u00f8lvk\u00e6de. Vedh\u00e6ng 13x9mm<\/p>\n","protected":false},"featured_media":2817,"comment_status":"open","ping_status":"closed","template":"","meta":[],"_links":{"self":[{"href":"http:\/\/jewelz.dk\/index.php?rest_route=\/wp\/v2\/product\/2828"}],"collection":[{"href":"http:\/\/jewelz.dk\/index.php?rest_route=\/wp\/v2\/product"}],"about":[{"href":"http:\/\/jewelz.dk\/index.php?rest_route=\/wp\/v2\/types\/product"}],"replies":[{"embeddable":true,"href":"http:\/\/jewelz.dk\/index.php?rest_route=%2Fwp%2Fv2%2Fcomments&post=2828"}],"wp:featuredmedia":[{"embeddable":true,"href":"http:\/\/jewelz.dk\/index.php?rest_route=\/wp\/v2\/media\/2817"}],"wp:attachment":[{"href":"http:\/\/jewelz.dk\/index.php?rest_route=%2Fwp%2Fv2%2Fmedia&parent=2828"}],"curies":[{"name":"wp","href":"https:\/\/api.w.org\/{rel}","templated":true}]}}