{"id":2825,"date":"2020-10-10T22:40:29","date_gmt":"2020-10-10T20:40:29","guid":{"rendered":"http:\/\/157.230.24.196\/?post_type=product&#038;p=2825"},"modified":"2020-10-10T22:41:25","modified_gmt":"2020-10-10T20:41:25","slug":"halskaede-i-soelv-med-vedhaeng","status":"publish","type":"product","link":"http:\/\/jewelz.dk\/?product=halskaede-i-soelv-med-vedhaeng","title":{"rendered":"Halsk\u00e6de i s\u00f8lv med vedh\u00e6ng"},"content":{"rendered":"<div class=\"product-name\">\n<h1>Halsk\u00e6de i s\u00f8lv med vedh\u00e6ng<\/h1>\n<\/div>\n<div class=\"short-description\">\u00a045 cm k\u00e6de Vedh\u00e6ng: 2 cm i diameter<\/div>\n","protected":false},"excerpt":{"rendered":"<p>Halsk\u00e6de i s\u00f8lv med vedh\u00e6ng \u00a045 cm k\u00e6de Vedh\u00e6ng: 2 cm i diameter<\/p>\n","protected":false},"featured_media":2815,"comment_status":"open","ping_status":"closed","template":"","meta":[],"_links":{"self":[{"href":"http:\/\/jewelz.dk\/index.php?rest_route=\/wp\/v2\/product\/2825"}],"collection":[{"href":"http:\/\/jewelz.dk\/index.php?rest_route=\/wp\/v2\/product"}],"about":[{"href":"http:\/\/jewelz.dk\/index.php?rest_route=\/wp\/v2\/types\/product"}],"replies":[{"embeddable":true,"href":"http:\/\/jewelz.dk\/index.php?rest_route=%2Fwp%2Fv2%2Fcomments&post=2825"}],"wp:featuredmedia":[{"embeddable":true,"href":"http:\/\/jewelz.dk\/index.php?rest_route=\/wp\/v2\/media\/2815"}],"wp:attachment":[{"href":"http:\/\/jewelz.dk\/index.php?rest_route=%2Fwp%2Fv2%2Fmedia&parent=2825"}],"curies":[{"name":"wp","href":"https:\/\/api.w.org\/{rel}","templated":true}]}}