{"id":2823,"date":"2020-10-10T22:28:56","date_gmt":"2020-10-10T20:28:56","guid":{"rendered":"http:\/\/157.230.24.196\/?post_type=product&#038;p=2823"},"modified":"2020-10-10T22:29:00","modified_gmt":"2020-10-10T20:29:00","slug":"soelv-vedhaeng-med-zirkonia","status":"publish","type":"product","link":"http:\/\/jewelz.dk\/?product=soelv-vedhaeng-med-zirkonia","title":{"rendered":"S\u00f8lv vedh\u00e6ng med zirkonia"},"content":{"rendered":"<div class=\"product-name\">\n<h1>S\u00f8lv vedh\u00e6ng med zirkonia<\/h1>\n<\/div>\n<div class=\"short-description\">Med 45cm s\u00f8lv rhodineret k\u00e6de<\/div>\n","protected":false},"excerpt":{"rendered":"<p>S\u00f8lv vedh\u00e6ng med zirkonia Med 45cm s\u00f8lv rhodineret k\u00e6de<\/p>\n","protected":false},"featured_media":2814,"comment_status":"open","ping_status":"closed","template":"","meta":[],"_links":{"self":[{"href":"http:\/\/jewelz.dk\/index.php?rest_route=\/wp\/v2\/product\/2823"}],"collection":[{"href":"http:\/\/jewelz.dk\/index.php?rest_route=\/wp\/v2\/product"}],"about":[{"href":"http:\/\/jewelz.dk\/index.php?rest_route=\/wp\/v2\/types\/product"}],"replies":[{"embeddable":true,"href":"http:\/\/jewelz.dk\/index.php?rest_route=%2Fwp%2Fv2%2Fcomments&post=2823"}],"wp:featuredmedia":[{"embeddable":true,"href":"http:\/\/jewelz.dk\/index.php?rest_route=\/wp\/v2\/media\/2814"}],"wp:attachment":[{"href":"http:\/\/jewelz.dk\/index.php?rest_route=%2Fwp%2Fv2%2Fmedia&parent=2823"}],"curies":[{"name":"wp","href":"https:\/\/api.w.org\/{rel}","templated":true}]}}