{"id":2822,"date":"2020-10-10T22:23:19","date_gmt":"2020-10-10T20:23:19","guid":{"rendered":"http:\/\/157.230.24.196\/?post_type=product&#038;p=2822"},"modified":"2020-10-10T22:24:08","modified_gmt":"2020-10-10T20:24:08","slug":"soelv-vedhaeng-med-45cm-soelv-rhodineret-kaede","status":"publish","type":"product","link":"http:\/\/jewelz.dk\/?product=soelv-vedhaeng-med-45cm-soelv-rhodineret-kaede","title":{"rendered":"S\u00f8lv vedh\u00e6ng  Med 45cm s\u00f8lv rhodineret k\u00e6de"},"content":{"rendered":"<div class=\"product-name\">\n<h1>S\u00f8lv vedh\u00e6ng<\/h1>\n<h3>med en 45cm. s\u00f8lv rhodineret k\u00e6de<\/h3>\n<\/div>\n","protected":false},"excerpt":{"rendered":"<p>S\u00f8lv vedh\u00e6ng med en 45cm. s\u00f8lv rhodineret k\u00e6de<\/p>\n","protected":false},"featured_media":2813,"comment_status":"open","ping_status":"closed","template":"","meta":[],"_links":{"self":[{"href":"http:\/\/jewelz.dk\/index.php?rest_route=\/wp\/v2\/product\/2822"}],"collection":[{"href":"http:\/\/jewelz.dk\/index.php?rest_route=\/wp\/v2\/product"}],"about":[{"href":"http:\/\/jewelz.dk\/index.php?rest_route=\/wp\/v2\/types\/product"}],"replies":[{"embeddable":true,"href":"http:\/\/jewelz.dk\/index.php?rest_route=%2Fwp%2Fv2%2Fcomments&post=2822"}],"wp:featuredmedia":[{"embeddable":true,"href":"http:\/\/jewelz.dk\/index.php?rest_route=\/wp\/v2\/media\/2813"}],"wp:attachment":[{"href":"http:\/\/jewelz.dk\/index.php?rest_route=%2Fwp%2Fv2%2Fmedia&parent=2822"}],"curies":[{"name":"wp","href":"https:\/\/api.w.org\/{rel}","templated":true}]}}