{"id":2821,"date":"2020-10-10T22:16:41","date_gmt":"2020-10-10T20:16:41","guid":{"rendered":"http:\/\/157.230.24.196\/?post_type=product&#038;p=2821"},"modified":"2020-10-10T22:16:47","modified_gmt":"2020-10-10T20:16:47","slug":"soelv-vedhaeng-snoet","status":"publish","type":"product","link":"http:\/\/jewelz.dk\/?product=soelv-vedhaeng-snoet","title":{"rendered":"S\u00f8lv vedh\u00e6ng snoet"},"content":{"rendered":"<div class=\"product-name\">\n<h1>S\u00f8lv vedh\u00e6ng snoet<\/h1>\n<\/div>\n<div class=\"short-description\">Med 45cm rhodineret s\u00f8lv k\u00e6de<\/div>\n","protected":false},"excerpt":{"rendered":"<p>S\u00f8lv vedh\u00e6ng snoet Med 45cm rhodineret s\u00f8lv k\u00e6de<\/p>\n","protected":false},"featured_media":2812,"comment_status":"open","ping_status":"closed","template":"","meta":[],"_links":{"self":[{"href":"http:\/\/jewelz.dk\/index.php?rest_route=\/wp\/v2\/product\/2821"}],"collection":[{"href":"http:\/\/jewelz.dk\/index.php?rest_route=\/wp\/v2\/product"}],"about":[{"href":"http:\/\/jewelz.dk\/index.php?rest_route=\/wp\/v2\/types\/product"}],"replies":[{"embeddable":true,"href":"http:\/\/jewelz.dk\/index.php?rest_route=%2Fwp%2Fv2%2Fcomments&post=2821"}],"wp:featuredmedia":[{"embeddable":true,"href":"http:\/\/jewelz.dk\/index.php?rest_route=\/wp\/v2\/media\/2812"}],"wp:attachment":[{"href":"http:\/\/jewelz.dk\/index.php?rest_route=%2Fwp%2Fv2%2Fmedia&parent=2821"}],"curies":[{"name":"wp","href":"https:\/\/api.w.org\/{rel}","templated":true}]}}