{"id":2781,"date":"2020-10-10T15:27:37","date_gmt":"2020-10-10T13:27:37","guid":{"rendered":"http:\/\/157.230.24.196\/?post_type=product&#038;p=2781"},"modified":"2020-10-10T15:27:40","modified_gmt":"2020-10-10T13:27:40","slug":"seville-soelv-forgyldte-oerekaeder-med-zirkonia-sten","status":"publish","type":"product","link":"http:\/\/jewelz.dk\/?product=seville-soelv-forgyldte-oerekaeder-med-zirkonia-sten","title":{"rendered":"Seville s\u00f8lv forgyldte \u00f8rek\u00e6der med zirkonia sten"},"content":{"rendered":"<div class=\"product-name\">\n<h1>Seville s\u00f8lv forgyldte \u00f8rek\u00e6der med zirkonia sten<\/h1>\n<\/div>\n","protected":false},"excerpt":{"rendered":"<p>Seville s\u00f8lv forgyldte \u00f8rek\u00e6der med zirkonia sten<\/p>\n","protected":false},"featured_media":2742,"comment_status":"open","ping_status":"closed","template":"","meta":[],"_links":{"self":[{"href":"http:\/\/jewelz.dk\/index.php?rest_route=\/wp\/v2\/product\/2781"}],"collection":[{"href":"http:\/\/jewelz.dk\/index.php?rest_route=\/wp\/v2\/product"}],"about":[{"href":"http:\/\/jewelz.dk\/index.php?rest_route=\/wp\/v2\/types\/product"}],"replies":[{"embeddable":true,"href":"http:\/\/jewelz.dk\/index.php?rest_route=%2Fwp%2Fv2%2Fcomments&post=2781"}],"wp:featuredmedia":[{"embeddable":true,"href":"http:\/\/jewelz.dk\/index.php?rest_route=\/wp\/v2\/media\/2742"}],"wp:attachment":[{"href":"http:\/\/jewelz.dk\/index.php?rest_route=%2Fwp%2Fv2%2Fmedia&parent=2781"}],"curies":[{"name":"wp","href":"https:\/\/api.w.org\/{rel}","templated":true}]}}