{"id":2780,"date":"2020-10-10T15:24:13","date_gmt":"2020-10-10T13:24:13","guid":{"rendered":"http:\/\/157.230.24.196\/?post_type=product&#038;p=2780"},"modified":"2020-10-10T15:24:16","modified_gmt":"2020-10-10T13:24:16","slug":"soelv-oerehaengere-med-zirkonia-og-ferskvandsperle","status":"publish","type":"product","link":"http:\/\/jewelz.dk\/?product=soelv-oerehaengere-med-zirkonia-og-ferskvandsperle","title":{"rendered":"S\u00f8lv \u00f8reh\u00e6ngere med zirkonia og ferskvandsperle"},"content":{"rendered":"<div class=\"product-name\">\n<h1>S\u00f8lv \u00f8reh\u00e6ngere med zirkonia og ferskvandsperle<\/h1>\n<\/div>\n","protected":false},"excerpt":{"rendered":"<p>S\u00f8lv \u00f8reh\u00e6ngere med zirkonia og ferskvandsperle<\/p>\n","protected":false},"featured_media":2777,"comment_status":"open","ping_status":"closed","template":"","meta":[],"_links":{"self":[{"href":"http:\/\/jewelz.dk\/index.php?rest_route=\/wp\/v2\/product\/2780"}],"collection":[{"href":"http:\/\/jewelz.dk\/index.php?rest_route=\/wp\/v2\/product"}],"about":[{"href":"http:\/\/jewelz.dk\/index.php?rest_route=\/wp\/v2\/types\/product"}],"replies":[{"embeddable":true,"href":"http:\/\/jewelz.dk\/index.php?rest_route=%2Fwp%2Fv2%2Fcomments&post=2780"}],"wp:featuredmedia":[{"embeddable":true,"href":"http:\/\/jewelz.dk\/index.php?rest_route=\/wp\/v2\/media\/2777"}],"wp:attachment":[{"href":"http:\/\/jewelz.dk\/index.php?rest_route=%2Fwp%2Fv2%2Fmedia&parent=2780"}],"curies":[{"name":"wp","href":"https:\/\/api.w.org\/{rel}","templated":true}]}}