{"id":2778,"date":"2020-10-10T15:21:16","date_gmt":"2020-10-10T13:21:16","guid":{"rendered":"http:\/\/157.230.24.196\/?post_type=product&#038;p=2778"},"modified":"2020-10-10T15:21:59","modified_gmt":"2020-10-10T13:21:59","slug":"soelv-oerehaenger-med-zirkonia","status":"publish","type":"product","link":"http:\/\/jewelz.dk\/?product=soelv-oerehaenger-med-zirkonia","title":{"rendered":"S\u00f8lv \u00f8reh\u00e6nger med zirkonia"},"content":{"rendered":"<div class=\"product-name\">\n<h1>S\u00f8lv \u00f8reh\u00e6nger med zirkonia<\/h1>\n<\/div>\n","protected":false},"excerpt":{"rendered":"<p>S\u00f8lv \u00f8reh\u00e6nger med zirkonia<\/p>\n","protected":false},"featured_media":2779,"comment_status":"open","ping_status":"closed","template":"","meta":[],"_links":{"self":[{"href":"http:\/\/jewelz.dk\/index.php?rest_route=\/wp\/v2\/product\/2778"}],"collection":[{"href":"http:\/\/jewelz.dk\/index.php?rest_route=\/wp\/v2\/product"}],"about":[{"href":"http:\/\/jewelz.dk\/index.php?rest_route=\/wp\/v2\/types\/product"}],"replies":[{"embeddable":true,"href":"http:\/\/jewelz.dk\/index.php?rest_route=%2Fwp%2Fv2%2Fcomments&post=2778"}],"wp:featuredmedia":[{"embeddable":true,"href":"http:\/\/jewelz.dk\/index.php?rest_route=\/wp\/v2\/media\/2779"}],"wp:attachment":[{"href":"http:\/\/jewelz.dk\/index.php?rest_route=%2Fwp%2Fv2%2Fmedia&parent=2778"}],"curies":[{"name":"wp","href":"https:\/\/api.w.org\/{rel}","templated":true}]}}