{"id":2648,"date":"2020-10-09T23:57:20","date_gmt":"2020-10-09T21:57:20","guid":{"rendered":"http:\/\/157.230.24.196\/?post_type=product&#038;p=2648"},"modified":"2020-10-09T23:57:23","modified_gmt":"2020-10-09T21:57:23","slug":"guld-vedhaeng-med-tre-hjerter-og-zirkonia","status":"publish","type":"product","link":"http:\/\/jewelz.dk\/?product=guld-vedhaeng-med-tre-hjerter-og-zirkonia","title":{"rendered":"Guld vedh\u00e6ng med tre hjerter og zirkonia"},"content":{"rendered":"<div class=\"product-name\">\n<h1>Guld vedh\u00e6ng med tre hjerter og zirkonia 8kt.<\/h1>\n<\/div>\n<div class=\"short-description\">Med en 45cm forgyldt s\u00f8lv k\u00e6de<\/div>\n","protected":false},"excerpt":{"rendered":"<p>Guld vedh\u00e6ng med tre hjerter og zirkonia 8kt. Med en 45cm forgyldt s\u00f8lv k\u00e6de<\/p>\n","protected":false},"featured_media":2632,"comment_status":"open","ping_status":"closed","template":"","meta":[],"_links":{"self":[{"href":"http:\/\/jewelz.dk\/index.php?rest_route=\/wp\/v2\/product\/2648"}],"collection":[{"href":"http:\/\/jewelz.dk\/index.php?rest_route=\/wp\/v2\/product"}],"about":[{"href":"http:\/\/jewelz.dk\/index.php?rest_route=\/wp\/v2\/types\/product"}],"replies":[{"embeddable":true,"href":"http:\/\/jewelz.dk\/index.php?rest_route=%2Fwp%2Fv2%2Fcomments&post=2648"}],"wp:featuredmedia":[{"embeddable":true,"href":"http:\/\/jewelz.dk\/index.php?rest_route=\/wp\/v2\/media\/2632"}],"wp:attachment":[{"href":"http:\/\/jewelz.dk\/index.php?rest_route=%2Fwp%2Fv2%2Fmedia&parent=2648"}],"curies":[{"name":"wp","href":"https:\/\/api.w.org\/{rel}","templated":true}]}}