{"id":2647,"date":"2020-10-09T23:53:11","date_gmt":"2020-10-09T21:53:11","guid":{"rendered":"http:\/\/157.230.24.196\/?post_type=product&#038;p=2647"},"modified":"2020-10-09T23:54:42","modified_gmt":"2020-10-09T21:54:42","slug":"guld-vedhaeng-engel-med-zirkonia-2","status":"publish","type":"product","link":"http:\/\/jewelz.dk\/?product=guld-vedhaeng-engel-med-zirkonia-2","title":{"rendered":"Guld vedh\u00e6ng engel med zirkonia"},"content":{"rendered":"<div class=\"product-name\">\n<h1>Guld vedh\u00e6ng engel med zirkonia 8kt.<\/h1>\n<\/div>\n<div class=\"short-description\">Med en 45cm forgyldt s\u00f8lv k\u00e6de<\/div>\n","protected":false},"excerpt":{"rendered":"<p>Guld vedh\u00e6ng engel med zirkonia 8kt. Med en 45cm forgyldt s\u00f8lv k\u00e6de<\/p>\n","protected":false},"featured_media":2631,"comment_status":"open","ping_status":"closed","template":"","meta":[],"_links":{"self":[{"href":"http:\/\/jewelz.dk\/index.php?rest_route=\/wp\/v2\/product\/2647"}],"collection":[{"href":"http:\/\/jewelz.dk\/index.php?rest_route=\/wp\/v2\/product"}],"about":[{"href":"http:\/\/jewelz.dk\/index.php?rest_route=\/wp\/v2\/types\/product"}],"replies":[{"embeddable":true,"href":"http:\/\/jewelz.dk\/index.php?rest_route=%2Fwp%2Fv2%2Fcomments&post=2647"}],"wp:featuredmedia":[{"embeddable":true,"href":"http:\/\/jewelz.dk\/index.php?rest_route=\/wp\/v2\/media\/2631"}],"wp:attachment":[{"href":"http:\/\/jewelz.dk\/index.php?rest_route=%2Fwp%2Fv2%2Fmedia&parent=2647"}],"curies":[{"name":"wp","href":"https:\/\/api.w.org\/{rel}","templated":true}]}}