{"id":2638,"date":"2020-10-09T23:32:19","date_gmt":"2020-10-09T21:32:19","guid":{"rendered":"http:\/\/157.230.24.196\/?post_type=product&#038;p=2638"},"modified":"2020-10-09T23:33:57","modified_gmt":"2020-10-09T21:33:57","slug":"hvidguld-vedhaeng-hjerte-med-brillant-14kt","status":"publish","type":"product","link":"http:\/\/jewelz.dk\/?product=hvidguld-vedhaeng-hjerte-med-brillant-14kt","title":{"rendered":"Hvidguld vedh\u00e6ng hjerte med brillant 14kt."},"content":{"rendered":"<div class=\"product-name\">\n<h1>Hvidguld vedh\u00e6ng hjerte med brillant 14kt.<\/h1>\n<\/div>\n<div class=\"short-description\">Med en 45cm forgyldt s\u00f8lv k\u00e6de<\/div>\n<div class=\"short-description\">Brillant st\u00f8rrelse st\u00f8rrelse:\u00a0 Ct. 0,02W.SI<\/div>\n","protected":false},"excerpt":{"rendered":"<p>Hvidguld vedh\u00e6ng hjerte med brillant 14kt. Med en 45cm forgyldt s\u00f8lv k\u00e6de Brillant st\u00f8rrelse st\u00f8rrelse:\u00a0 Ct. 0,02W.SI<\/p>\n","protected":false},"featured_media":2634,"comment_status":"open","ping_status":"closed","template":"","meta":[],"_links":{"self":[{"href":"http:\/\/jewelz.dk\/index.php?rest_route=\/wp\/v2\/product\/2638"}],"collection":[{"href":"http:\/\/jewelz.dk\/index.php?rest_route=\/wp\/v2\/product"}],"about":[{"href":"http:\/\/jewelz.dk\/index.php?rest_route=\/wp\/v2\/types\/product"}],"replies":[{"embeddable":true,"href":"http:\/\/jewelz.dk\/index.php?rest_route=%2Fwp%2Fv2%2Fcomments&post=2638"}],"wp:featuredmedia":[{"embeddable":true,"href":"http:\/\/jewelz.dk\/index.php?rest_route=\/wp\/v2\/media\/2634"}],"wp:attachment":[{"href":"http:\/\/jewelz.dk\/index.php?rest_route=%2Fwp%2Fv2%2Fmedia&parent=2638"}],"curies":[{"name":"wp","href":"https:\/\/api.w.org\/{rel}","templated":true}]}}