{"id":2614,"date":"2020-10-09T22:55:45","date_gmt":"2020-10-09T20:55:45","guid":{"rendered":"http:\/\/157.230.24.196\/?post_type=product&#038;p=2614"},"modified":"2020-10-09T22:55:45","modified_gmt":"2020-10-09T20:55:45","slug":"soelv-boerne-oerestik-hjerter","status":"publish","type":"product","link":"http:\/\/jewelz.dk\/?product=soelv-boerne-oerestik-hjerter","title":{"rendered":"S\u00f8lv b\u00f8rne \u00f8restik hjerter"},"content":{"rendered":"<div class=\"product-name\">\n<h1>S\u00f8lv b\u00f8rne \u00f8restik hjerter<\/h1>\n<\/div>\n","protected":false},"excerpt":{"rendered":"<p>S\u00f8lv b\u00f8rne \u00f8restik hjerter<\/p>\n","protected":false},"featured_media":2577,"comment_status":"open","ping_status":"closed","template":"","meta":[],"_links":{"self":[{"href":"http:\/\/jewelz.dk\/index.php?rest_route=\/wp\/v2\/product\/2614"}],"collection":[{"href":"http:\/\/jewelz.dk\/index.php?rest_route=\/wp\/v2\/product"}],"about":[{"href":"http:\/\/jewelz.dk\/index.php?rest_route=\/wp\/v2\/types\/product"}],"replies":[{"embeddable":true,"href":"http:\/\/jewelz.dk\/index.php?rest_route=%2Fwp%2Fv2%2Fcomments&post=2614"}],"wp:featuredmedia":[{"embeddable":true,"href":"http:\/\/jewelz.dk\/index.php?rest_route=\/wp\/v2\/media\/2577"}],"wp:attachment":[{"href":"http:\/\/jewelz.dk\/index.php?rest_route=%2Fwp%2Fv2%2Fmedia&parent=2614"}],"curies":[{"name":"wp","href":"https:\/\/api.w.org\/{rel}","templated":true}]}}