{"id":2611,"date":"2020-10-09T22:50:01","date_gmt":"2020-10-09T20:50:01","guid":{"rendered":"http:\/\/157.230.24.196\/?post_type=product&#038;p=2611"},"modified":"2020-10-09T22:50:02","modified_gmt":"2020-10-09T20:50:02","slug":"soelv-boerne-oerehaengere-tro-haab-kaerlighed","status":"publish","type":"product","link":"http:\/\/jewelz.dk\/?product=soelv-boerne-oerehaengere-tro-haab-kaerlighed","title":{"rendered":"S\u00f8lv b\u00f8rne \u00f8reh\u00e6ngere Tro, H\u00e5b, K\u00e6rlighed"},"content":{"rendered":"<div class=\"product-name\">\n<h1>S\u00f8lv b\u00f8rne \u00f8reh\u00e6ngere Tro, H\u00e5b, K\u00e6rlighed<\/h1>\n<\/div>\n","protected":false},"excerpt":{"rendered":"<p>S\u00f8lv b\u00f8rne \u00f8reh\u00e6ngere Tro, H\u00e5b, K\u00e6rlighed<\/p>\n","protected":false},"featured_media":2574,"comment_status":"open","ping_status":"closed","template":"","meta":[],"_links":{"self":[{"href":"http:\/\/jewelz.dk\/index.php?rest_route=\/wp\/v2\/product\/2611"}],"collection":[{"href":"http:\/\/jewelz.dk\/index.php?rest_route=\/wp\/v2\/product"}],"about":[{"href":"http:\/\/jewelz.dk\/index.php?rest_route=\/wp\/v2\/types\/product"}],"replies":[{"embeddable":true,"href":"http:\/\/jewelz.dk\/index.php?rest_route=%2Fwp%2Fv2%2Fcomments&post=2611"}],"wp:featuredmedia":[{"embeddable":true,"href":"http:\/\/jewelz.dk\/index.php?rest_route=\/wp\/v2\/media\/2574"}],"wp:attachment":[{"href":"http:\/\/jewelz.dk\/index.php?rest_route=%2Fwp%2Fv2%2Fmedia&parent=2611"}],"curies":[{"name":"wp","href":"https:\/\/api.w.org\/{rel}","templated":true}]}}