{"id":2607,"date":"2020-10-09T22:40:48","date_gmt":"2020-10-09T20:40:48","guid":{"rendered":"http:\/\/157.230.24.196\/?post_type=product&#038;p=2607"},"modified":"2020-10-09T22:40:49","modified_gmt":"2020-10-09T20:40:49","slug":"soelv-boerne-oerestikker-med-flamingo","status":"publish","type":"product","link":"http:\/\/jewelz.dk\/?product=soelv-boerne-oerestikker-med-flamingo","title":{"rendered":"S\u00f8lv b\u00f8rne \u00f8restikker med flamingo"},"content":{"rendered":"<div class=\"product-name\">\n<h1>S\u00f8lv b\u00f8rne \u00f8restikker med flamingo<\/h1>\n<p>7x9mm<\/p>\n<\/div>\n","protected":false},"excerpt":{"rendered":"<p>S\u00f8lv b\u00f8rne \u00f8restikker med flamingo 7x9mm<\/p>\n","protected":false},"featured_media":2570,"comment_status":"open","ping_status":"closed","template":"","meta":[],"_links":{"self":[{"href":"http:\/\/jewelz.dk\/index.php?rest_route=\/wp\/v2\/product\/2607"}],"collection":[{"href":"http:\/\/jewelz.dk\/index.php?rest_route=\/wp\/v2\/product"}],"about":[{"href":"http:\/\/jewelz.dk\/index.php?rest_route=\/wp\/v2\/types\/product"}],"replies":[{"embeddable":true,"href":"http:\/\/jewelz.dk\/index.php?rest_route=%2Fwp%2Fv2%2Fcomments&post=2607"}],"wp:featuredmedia":[{"embeddable":true,"href":"http:\/\/jewelz.dk\/index.php?rest_route=\/wp\/v2\/media\/2570"}],"wp:attachment":[{"href":"http:\/\/jewelz.dk\/index.php?rest_route=%2Fwp%2Fv2%2Fmedia&parent=2607"}],"curies":[{"name":"wp","href":"https:\/\/api.w.org\/{rel}","templated":true}]}}