{"id":2604,"date":"2020-10-09T22:35:29","date_gmt":"2020-10-09T20:35:29","guid":{"rendered":"http:\/\/157.230.24.196\/?post_type=product&#038;p=2604"},"modified":"2020-10-09T22:35:29","modified_gmt":"2020-10-09T20:35:29","slug":"soelv-boerne-oerestikker-med-regnbue","status":"publish","type":"product","link":"http:\/\/jewelz.dk\/?product=soelv-boerne-oerestikker-med-regnbue","title":{"rendered":"S\u00f8lv b\u00f8rne \u00f8restikker med regnbue"},"content":{"rendered":"<div class=\"product-name\">\n<h1>S\u00f8lv b\u00f8rne \u00f8restikker med regnbue<\/h1>\n<\/div>\n<div class=\"short-description\">10x6mm<\/div>\n","protected":false},"excerpt":{"rendered":"<p>S\u00f8lv b\u00f8rne \u00f8restikker med regnbue 10x6mm<\/p>\n","protected":false},"featured_media":2560,"comment_status":"open","ping_status":"closed","template":"","meta":[],"_links":{"self":[{"href":"http:\/\/jewelz.dk\/index.php?rest_route=\/wp\/v2\/product\/2604"}],"collection":[{"href":"http:\/\/jewelz.dk\/index.php?rest_route=\/wp\/v2\/product"}],"about":[{"href":"http:\/\/jewelz.dk\/index.php?rest_route=\/wp\/v2\/types\/product"}],"replies":[{"embeddable":true,"href":"http:\/\/jewelz.dk\/index.php?rest_route=%2Fwp%2Fv2%2Fcomments&post=2604"}],"wp:featuredmedia":[{"embeddable":true,"href":"http:\/\/jewelz.dk\/index.php?rest_route=\/wp\/v2\/media\/2560"}],"wp:attachment":[{"href":"http:\/\/jewelz.dk\/index.php?rest_route=%2Fwp%2Fv2%2Fmedia&parent=2604"}],"curies":[{"name":"wp","href":"https:\/\/api.w.org\/{rel}","templated":true}]}}