{"id":2603,"date":"2020-10-09T22:33:26","date_gmt":"2020-10-09T20:33:26","guid":{"rendered":"http:\/\/157.230.24.196\/?post_type=product&#038;p=2603"},"modified":"2020-10-09T22:33:26","modified_gmt":"2020-10-09T20:33:26","slug":"soelv-boerne-oerestikker-med-panda-2","status":"publish","type":"product","link":"http:\/\/jewelz.dk\/?product=soelv-boerne-oerestikker-med-panda-2","title":{"rendered":"S\u00f8lv b\u00f8rne \u00f8restikker med panda"},"content":{"rendered":"<div class=\"product-name\">\n<h1>S\u00f8lv b\u00f8rne \u00f8restikker med panda<\/h1>\n<\/div>\n<div class=\"short-description\">8x7mm<\/div>\n","protected":false},"excerpt":{"rendered":"<p>S\u00f8lv b\u00f8rne \u00f8restikker med panda 8x7mm<\/p>\n","protected":false},"featured_media":2568,"comment_status":"open","ping_status":"closed","template":"","meta":[],"_links":{"self":[{"href":"http:\/\/jewelz.dk\/index.php?rest_route=\/wp\/v2\/product\/2603"}],"collection":[{"href":"http:\/\/jewelz.dk\/index.php?rest_route=\/wp\/v2\/product"}],"about":[{"href":"http:\/\/jewelz.dk\/index.php?rest_route=\/wp\/v2\/types\/product"}],"replies":[{"embeddable":true,"href":"http:\/\/jewelz.dk\/index.php?rest_route=%2Fwp%2Fv2%2Fcomments&post=2603"}],"wp:featuredmedia":[{"embeddable":true,"href":"http:\/\/jewelz.dk\/index.php?rest_route=\/wp\/v2\/media\/2568"}],"wp:attachment":[{"href":"http:\/\/jewelz.dk\/index.php?rest_route=%2Fwp%2Fv2%2Fmedia&parent=2603"}],"curies":[{"name":"wp","href":"https:\/\/api.w.org\/{rel}","templated":true}]}}