{"id":2602,"date":"2020-10-09T22:31:44","date_gmt":"2020-10-09T20:31:44","guid":{"rendered":"http:\/\/157.230.24.196\/?post_type=product&#038;p=2602"},"modified":"2020-10-09T22:31:44","modified_gmt":"2020-10-09T20:31:44","slug":"soelv-boerne-oerestikker-med-panda","status":"publish","type":"product","link":"http:\/\/jewelz.dk\/?product=soelv-boerne-oerestikker-med-panda","title":{"rendered":"S\u00f8lv b\u00f8rne \u00f8restikker med panda"},"content":{"rendered":"<div class=\"product-name\">\n<h1>S\u00f8lv b\u00f8rne \u00f8restikker med panda<\/h1>\n<\/div>\n<div class=\"short-description\">8x7mm<\/div>\n","protected":false},"excerpt":{"rendered":"<p>S\u00f8lv b\u00f8rne \u00f8restikker med panda 8x7mm<\/p>\n","protected":false},"featured_media":2567,"comment_status":"open","ping_status":"closed","template":"","meta":[],"_links":{"self":[{"href":"http:\/\/jewelz.dk\/index.php?rest_route=\/wp\/v2\/product\/2602"}],"collection":[{"href":"http:\/\/jewelz.dk\/index.php?rest_route=\/wp\/v2\/product"}],"about":[{"href":"http:\/\/jewelz.dk\/index.php?rest_route=\/wp\/v2\/types\/product"}],"replies":[{"embeddable":true,"href":"http:\/\/jewelz.dk\/index.php?rest_route=%2Fwp%2Fv2%2Fcomments&post=2602"}],"wp:featuredmedia":[{"embeddable":true,"href":"http:\/\/jewelz.dk\/index.php?rest_route=\/wp\/v2\/media\/2567"}],"wp:attachment":[{"href":"http:\/\/jewelz.dk\/index.php?rest_route=%2Fwp%2Fv2%2Fmedia&parent=2602"}],"curies":[{"name":"wp","href":"https:\/\/api.w.org\/{rel}","templated":true}]}}