{"id":2597,"date":"2020-10-09T22:20:45","date_gmt":"2020-10-09T20:20:45","guid":{"rendered":"http:\/\/157.230.24.196\/?post_type=product&#038;p=2597"},"modified":"2020-10-09T22:20:45","modified_gmt":"2020-10-09T20:20:45","slug":"soelv-boerne-oerehaenger-med-havfrue","status":"publish","type":"product","link":"http:\/\/jewelz.dk\/?product=soelv-boerne-oerehaenger-med-havfrue","title":{"rendered":"S\u00f8lv b\u00f8rne \u00f8reh\u00e6nger med havfrue"},"content":{"rendered":"<div class=\"product-name\">\n<h1>S\u00f8lv b\u00f8rne \u00f8reh\u00e6nger med havfrue<\/h1>\n<\/div>\n<div class=\"short-description\">10x9mm<\/div>\n","protected":false},"excerpt":{"rendered":"<p>S\u00f8lv b\u00f8rne \u00f8reh\u00e6nger med havfrue 10x9mm<\/p>\n","protected":false},"featured_media":2561,"comment_status":"open","ping_status":"closed","template":"","meta":[],"_links":{"self":[{"href":"http:\/\/jewelz.dk\/index.php?rest_route=\/wp\/v2\/product\/2597"}],"collection":[{"href":"http:\/\/jewelz.dk\/index.php?rest_route=\/wp\/v2\/product"}],"about":[{"href":"http:\/\/jewelz.dk\/index.php?rest_route=\/wp\/v2\/types\/product"}],"replies":[{"embeddable":true,"href":"http:\/\/jewelz.dk\/index.php?rest_route=%2Fwp%2Fv2%2Fcomments&post=2597"}],"wp:featuredmedia":[{"embeddable":true,"href":"http:\/\/jewelz.dk\/index.php?rest_route=\/wp\/v2\/media\/2561"}],"wp:attachment":[{"href":"http:\/\/jewelz.dk\/index.php?rest_route=%2Fwp%2Fv2%2Fmedia&parent=2597"}],"curies":[{"name":"wp","href":"https:\/\/api.w.org\/{rel}","templated":true}]}}