{"id":2596,"date":"2020-10-09T22:18:07","date_gmt":"2020-10-09T20:18:07","guid":{"rendered":"http:\/\/157.230.24.196\/?post_type=product&#038;p=2596"},"modified":"2020-10-09T22:18:08","modified_gmt":"2020-10-09T20:18:08","slug":"soelv-boerne-oerestik-blomst-med-lyseroed-farve","status":"publish","type":"product","link":"http:\/\/jewelz.dk\/?product=soelv-boerne-oerestik-blomst-med-lyseroed-farve","title":{"rendered":"S\u00f8lv b\u00f8rne \u00f8restik blomst med lyser\u00f8d farve"},"content":{"rendered":"<h1>S\u00f8lv b\u00f8rne \u00f8restik blomst med lyser\u00f8d farve<\/h1>\n","protected":false},"excerpt":{"rendered":"<p>S\u00f8lv b\u00f8rne \u00f8restik blomst med lyser\u00f8d farve<\/p>\n","protected":false},"featured_media":2558,"comment_status":"open","ping_status":"closed","template":"","meta":[],"_links":{"self":[{"href":"http:\/\/jewelz.dk\/index.php?rest_route=\/wp\/v2\/product\/2596"}],"collection":[{"href":"http:\/\/jewelz.dk\/index.php?rest_route=\/wp\/v2\/product"}],"about":[{"href":"http:\/\/jewelz.dk\/index.php?rest_route=\/wp\/v2\/types\/product"}],"replies":[{"embeddable":true,"href":"http:\/\/jewelz.dk\/index.php?rest_route=%2Fwp%2Fv2%2Fcomments&post=2596"}],"wp:featuredmedia":[{"embeddable":true,"href":"http:\/\/jewelz.dk\/index.php?rest_route=\/wp\/v2\/media\/2558"}],"wp:attachment":[{"href":"http:\/\/jewelz.dk\/index.php?rest_route=%2Fwp%2Fv2%2Fmedia&parent=2596"}],"curies":[{"name":"wp","href":"https:\/\/api.w.org\/{rel}","templated":true}]}}