{"id":2594,"date":"2020-10-09T22:14:09","date_gmt":"2020-10-09T20:14:09","guid":{"rendered":"http:\/\/157.230.24.196\/?post_type=product&#038;p=2594"},"modified":"2020-10-09T22:14:10","modified_gmt":"2020-10-09T20:14:10","slug":"soelv-boerne-oerestik-kanin-med-lange-oere","status":"publish","type":"product","link":"http:\/\/jewelz.dk\/?product=soelv-boerne-oerestik-kanin-med-lange-oere","title":{"rendered":"S\u00f8lv b\u00f8rne \u00f8restik kanin med lange \u00f8re"},"content":{"rendered":"<div class=\"product-name\">\n<h1>S\u00f8lv b\u00f8rne \u00f8restik kanin med lange \u00f8re<\/h1>\n<\/div>\n","protected":false},"excerpt":{"rendered":"<p>S\u00f8lv b\u00f8rne \u00f8restik kanin med lange \u00f8re<\/p>\n","protected":false},"featured_media":2556,"comment_status":"open","ping_status":"closed","template":"","meta":[],"_links":{"self":[{"href":"http:\/\/jewelz.dk\/index.php?rest_route=\/wp\/v2\/product\/2594"}],"collection":[{"href":"http:\/\/jewelz.dk\/index.php?rest_route=\/wp\/v2\/product"}],"about":[{"href":"http:\/\/jewelz.dk\/index.php?rest_route=\/wp\/v2\/types\/product"}],"replies":[{"embeddable":true,"href":"http:\/\/jewelz.dk\/index.php?rest_route=%2Fwp%2Fv2%2Fcomments&post=2594"}],"wp:featuredmedia":[{"embeddable":true,"href":"http:\/\/jewelz.dk\/index.php?rest_route=\/wp\/v2\/media\/2556"}],"wp:attachment":[{"href":"http:\/\/jewelz.dk\/index.php?rest_route=%2Fwp%2Fv2%2Fmedia&parent=2594"}],"curies":[{"name":"wp","href":"https:\/\/api.w.org\/{rel}","templated":true}]}}