{"id":2591,"date":"2020-10-09T22:06:39","date_gmt":"2020-10-09T20:06:39","guid":{"rendered":"http:\/\/157.230.24.196\/?post_type=product&#038;p=2591"},"modified":"2020-10-09T22:06:39","modified_gmt":"2020-10-09T20:06:39","slug":"soelv-boerne-oerestik-enhjoerning-unicorn-3","status":"publish","type":"product","link":"http:\/\/jewelz.dk\/?product=soelv-boerne-oerestik-enhjoerning-unicorn-3","title":{"rendered":"S\u00f8lv b\u00f8rne \u00f8restik Enhj\u00f8rning &#8220;unicorn&#8221;\u00a0"},"content":{"rendered":"<div class=\"product-name\">\n<h1>S\u00f8lv b\u00f8rne \u00f8restik Enhj\u00f8rning &#8220;unicorn&#8221;<\/h1>\n<\/div>\n<div class=\"short-description\">6x8mm<\/div>\n","protected":false},"excerpt":{"rendered":"<p>S\u00f8lv b\u00f8rne \u00f8restik Enhj\u00f8rning &#8220;unicorn&#8221; 6x8mm<\/p>\n","protected":false},"featured_media":2552,"comment_status":"open","ping_status":"closed","template":"","meta":[],"_links":{"self":[{"href":"http:\/\/jewelz.dk\/index.php?rest_route=\/wp\/v2\/product\/2591"}],"collection":[{"href":"http:\/\/jewelz.dk\/index.php?rest_route=\/wp\/v2\/product"}],"about":[{"href":"http:\/\/jewelz.dk\/index.php?rest_route=\/wp\/v2\/types\/product"}],"replies":[{"embeddable":true,"href":"http:\/\/jewelz.dk\/index.php?rest_route=%2Fwp%2Fv2%2Fcomments&post=2591"}],"wp:featuredmedia":[{"embeddable":true,"href":"http:\/\/jewelz.dk\/index.php?rest_route=\/wp\/v2\/media\/2552"}],"wp:attachment":[{"href":"http:\/\/jewelz.dk\/index.php?rest_route=%2Fwp%2Fv2%2Fmedia&parent=2591"}],"curies":[{"name":"wp","href":"https:\/\/api.w.org\/{rel}","templated":true}]}}