{"id":2538,"date":"2020-10-09T21:25:11","date_gmt":"2020-10-09T19:25:11","guid":{"rendered":"http:\/\/157.230.24.196\/?post_type=product&#038;p=2538"},"modified":"2020-10-09T21:25:12","modified_gmt":"2020-10-09T19:25:12","slug":"seville-soelv-armbaand","status":"publish","type":"product","link":"http:\/\/jewelz.dk\/?product=seville-soelv-armbaand","title":{"rendered":"Seville s\u00f8lv armb\u00e5nd"},"content":{"rendered":"<div class=\"product-name\">\n<h1>Seville Figaro armb\u00e5nd i s\u00f8lv<\/h1>\n<h3>Tr\u00e5d tykkelse: 1,0mm.<\/h3>\n<h3>L\u00e6ngde: 16 + 3cm.<\/h3>\n<\/div>\n","protected":false},"excerpt":{"rendered":"<p>Seville Figaro armb\u00e5nd i s\u00f8lv Tr\u00e5d tykkelse: 1,0mm. L\u00e6ngde: 16 + 3cm.<\/p>\n","protected":false},"featured_media":2523,"comment_status":"open","ping_status":"closed","template":"","meta":[],"_links":{"self":[{"href":"http:\/\/jewelz.dk\/index.php?rest_route=\/wp\/v2\/product\/2538"}],"collection":[{"href":"http:\/\/jewelz.dk\/index.php?rest_route=\/wp\/v2\/product"}],"about":[{"href":"http:\/\/jewelz.dk\/index.php?rest_route=\/wp\/v2\/types\/product"}],"replies":[{"embeddable":true,"href":"http:\/\/jewelz.dk\/index.php?rest_route=%2Fwp%2Fv2%2Fcomments&post=2538"}],"wp:featuredmedia":[{"embeddable":true,"href":"http:\/\/jewelz.dk\/index.php?rest_route=\/wp\/v2\/media\/2523"}],"wp:attachment":[{"href":"http:\/\/jewelz.dk\/index.php?rest_route=%2Fwp%2Fv2%2Fmedia&parent=2538"}],"curies":[{"name":"wp","href":"https:\/\/api.w.org\/{rel}","templated":true}]}}