{"id":2537,"date":"2020-10-09T21:20:06","date_gmt":"2020-10-09T19:20:06","guid":{"rendered":"http:\/\/157.230.24.196\/?post_type=product&#038;p=2537"},"modified":"2020-10-09T21:20:06","modified_gmt":"2020-10-09T19:20:06","slug":"soelv-forgyldt-armbaand-panser","status":"publish","type":"product","link":"http:\/\/jewelz.dk\/?product=soelv-forgyldt-armbaand-panser","title":{"rendered":"S\u00f8lv forgyldt armb\u00e5nd Panser"},"content":{"rendered":"<div class=\"product-name\">\n<h1>S\u00f8lv forgyldt panser armb\u00e5nd<\/h1>\n<h3>Tr\u00e5d tykkelse: 1,0mm.<\/h3>\n<h3>L\u00e6ngde: 16 + 3cm.<\/h3>\n<\/div>\n<div class=\"short-description\"><\/div>\n","protected":false},"excerpt":{"rendered":"<p>S\u00f8lv forgyldt panser armb\u00e5nd Tr\u00e5d tykkelse: 1,0mm. L\u00e6ngde: 16 + 3cm.<\/p>\n","protected":false},"featured_media":2522,"comment_status":"open","ping_status":"closed","template":"","meta":[],"_links":{"self":[{"href":"http:\/\/jewelz.dk\/index.php?rest_route=\/wp\/v2\/product\/2537"}],"collection":[{"href":"http:\/\/jewelz.dk\/index.php?rest_route=\/wp\/v2\/product"}],"about":[{"href":"http:\/\/jewelz.dk\/index.php?rest_route=\/wp\/v2\/types\/product"}],"replies":[{"embeddable":true,"href":"http:\/\/jewelz.dk\/index.php?rest_route=%2Fwp%2Fv2%2Fcomments&post=2537"}],"wp:featuredmedia":[{"embeddable":true,"href":"http:\/\/jewelz.dk\/index.php?rest_route=\/wp\/v2\/media\/2522"}],"wp:attachment":[{"href":"http:\/\/jewelz.dk\/index.php?rest_route=%2Fwp%2Fv2%2Fmedia&parent=2537"}],"curies":[{"name":"wp","href":"https:\/\/api.w.org\/{rel}","templated":true}]}}