{"id":2535,"date":"2020-10-09T21:10:09","date_gmt":"2020-10-09T19:10:09","guid":{"rendered":"http:\/\/157.230.24.196\/?post_type=product&#038;p=2535"},"modified":"2024-07-10T00:05:46","modified_gmt":"2024-07-09T22:05:46","slug":"armbaand-i-soelv","status":"publish","type":"product","link":"http:\/\/jewelz.dk\/?product=armbaand-i-soelv","title":{"rendered":"Armb\u00e5nd i s\u00f8lv"},"content":{"rendered":"<div class=\"product-name\">\n<h1>Armb\u00e5nd i s\u00f8lv<\/h1>\n<h3>L\u00e6ngde: 20 cm. incl. forl\u00e6ngerstykke<\/h3>\n<\/div>\n","protected":false},"excerpt":{"rendered":"<p>Armb\u00e5nd i s\u00f8lv L\u00e6ngde: 20 cm. incl. forl\u00e6ngerstykke<\/p>\n","protected":false},"featured_media":2513,"comment_status":"open","ping_status":"closed","template":"","meta":[],"_links":{"self":[{"href":"http:\/\/jewelz.dk\/index.php?rest_route=\/wp\/v2\/product\/2535"}],"collection":[{"href":"http:\/\/jewelz.dk\/index.php?rest_route=\/wp\/v2\/product"}],"about":[{"href":"http:\/\/jewelz.dk\/index.php?rest_route=\/wp\/v2\/types\/product"}],"replies":[{"embeddable":true,"href":"http:\/\/jewelz.dk\/index.php?rest_route=%2Fwp%2Fv2%2Fcomments&post=2535"}],"wp:featuredmedia":[{"embeddable":true,"href":"http:\/\/jewelz.dk\/index.php?rest_route=\/wp\/v2\/media\/2513"}],"wp:attachment":[{"href":"http:\/\/jewelz.dk\/index.php?rest_route=%2Fwp%2Fv2%2Fmedia&parent=2535"}],"curies":[{"name":"wp","href":"https:\/\/api.w.org\/{rel}","templated":true}]}}