{"id":2534,"date":"2020-10-09T21:07:45","date_gmt":"2020-10-09T19:07:45","guid":{"rendered":"http:\/\/157.230.24.196\/?post_type=product&#038;p=2534"},"modified":"2020-10-09T21:07:45","modified_gmt":"2020-10-09T19:07:45","slug":"seville-armbaand-i-forgyldt-soelv-med-zirkonia","status":"publish","type":"product","link":"http:\/\/jewelz.dk\/?product=seville-armbaand-i-forgyldt-soelv-med-zirkonia","title":{"rendered":"Seville armb\u00e5nd i forgyldt s\u00f8lv med zirkonia"},"content":{"rendered":"<div class=\"product-name\">\n<h1>Seville armb\u00e5nd i forgyldt s\u00f8lv med zirkonia sten<\/h1>\n<\/div>\n<div class=\"short-description\">L\u00e6ngde: 19 cm. incl. forl\u00e6ngerstykke<\/div>\n","protected":false},"excerpt":{"rendered":"<p>Seville armb\u00e5nd i forgyldt s\u00f8lv med zirkonia sten L\u00e6ngde: 19 cm. incl. forl\u00e6ngerstykke<\/p>\n","protected":false},"featured_media":2514,"comment_status":"open","ping_status":"closed","template":"","meta":[],"_links":{"self":[{"href":"http:\/\/jewelz.dk\/index.php?rest_route=\/wp\/v2\/product\/2534"}],"collection":[{"href":"http:\/\/jewelz.dk\/index.php?rest_route=\/wp\/v2\/product"}],"about":[{"href":"http:\/\/jewelz.dk\/index.php?rest_route=\/wp\/v2\/types\/product"}],"replies":[{"embeddable":true,"href":"http:\/\/jewelz.dk\/index.php?rest_route=%2Fwp%2Fv2%2Fcomments&post=2534"}],"wp:featuredmedia":[{"embeddable":true,"href":"http:\/\/jewelz.dk\/index.php?rest_route=\/wp\/v2\/media\/2514"}],"wp:attachment":[{"href":"http:\/\/jewelz.dk\/index.php?rest_route=%2Fwp%2Fv2%2Fmedia&parent=2534"}],"curies":[{"name":"wp","href":"https:\/\/api.w.org\/{rel}","templated":true}]}}