{"id":2490,"date":"2020-10-09T17:55:55","date_gmt":"2020-10-09T15:55:55","guid":{"rendered":"http:\/\/157.230.24.196\/?post_type=product&#038;p=2490"},"modified":"2020-10-09T18:02:17","modified_gmt":"2020-10-09T16:02:17","slug":"tilbud-jewelz-100-ct-2","status":"publish","type":"product","link":"http:\/\/jewelz.dk\/?product=tilbud-jewelz-100-ct-2","title":{"rendered":"Tilbud -Jewelz 1,00 ct."},"content":{"rendered":"<h3><strong>Klassisk diamantring i 14 karats hvidguld med 1 brillant slebet diamant 1,00 ct.<\/strong><\/h3>\n<p>Diamantringe er en solid klassiker. N\u00e5r du k\u00f8ber en Jewelz diamantring i guld, er du sikker p\u00e5 at f\u00e5 et unikt dansk design i kvalitet. Diamantringene kan b\u00e5de findes i guld og hvidguld. i Jewelz.dk har vi et stort udvalg at smukke diamantringe, s\u00e5 der er netop lige det der passer dig, du er altid sikker p\u00e5 at f\u00e5 leveret top kvalitet. Udover det, er du ogs\u00e5 sikret at det er billige diamantringe sammenlignet med andre. i Jewelz.dk levere vi billige diamantringe til en yderst god kvalitet.<\/p>\n<p>Art Jewelz ringene er skabt for kunne at tilbyde dig klassiske diamantringe til en fantastisk konkurrencedygtig pris, uden at g\u00e5 p\u00e5 kompromis med din oplevelse af den fantastiske brillant. Du kan selv sammenligne med andre diamantringe, hos din lokale guldsmed eller her p\u00e5 nettet.<\/p>\n<p>N\u00e5r du k\u00f8ber en \u00a0Art Jewelz diamantring i 14 karat guld, s\u00e5 f\u00f8lger der et diamant-certifikat sammen med din ring. Diamant-certifikatet indeholder en beskrivelse af diamant kvaliteten p\u00e5 den diamant der er indfattet i din ring. Alle diamanterne fra Jewelz.dk er brilliant slebet, og kaldes derfor ofte for brillanter . Den samlede diamantkvalitet er n\u00f8je udvalgt for at give dig den absolut \u00a0st\u00f8rste og smukkeste diamant til en meget attraktiv pris.<\/p>\n<h2>Genererelt om diamantringene Art Jewelz.<\/h2>\n<p>Diamantringene i 14 kt. guld \u00a0er en hyldest til det romantiske design. Fokus i formgivningen er rene enkle linjer og et elegant design.\u00a0 Ringene er en del af den klassiske Art Jewelz serie, hvor du ogs\u00e5 kan f\u00e5 hele serien med \u00f8restikker og vedh\u00e6ng i guld for at skabe en flot helhed.<\/p>\n","protected":false},"excerpt":{"rendered":"<p>Klassisk diamantring i 14 karats hvidguld med 1 brillant slebet diamant 1,00 ct. Diamantringe er en solid klassiker. N\u00e5r du k\u00f8ber en Jewelz diamantring i guld, er du sikker p\u00e5 at f\u00e5 et unikt dansk design i kvalitet. Diamantringene kan b\u00e5de findes i guld og hvidguld. i Jewelz.dk har vi et stort udvalg at smukke&hellip;<\/p>\n","protected":false},"featured_media":2384,"comment_status":"open","ping_status":"closed","template":"","meta":[],"_links":{"self":[{"href":"http:\/\/jewelz.dk\/index.php?rest_route=\/wp\/v2\/product\/2490"}],"collection":[{"href":"http:\/\/jewelz.dk\/index.php?rest_route=\/wp\/v2\/product"}],"about":[{"href":"http:\/\/jewelz.dk\/index.php?rest_route=\/wp\/v2\/types\/product"}],"replies":[{"embeddable":true,"href":"http:\/\/jewelz.dk\/index.php?rest_route=%2Fwp%2Fv2%2Fcomments&post=2490"}],"wp:featuredmedia":[{"embeddable":true,"href":"http:\/\/jewelz.dk\/index.php?rest_route=\/wp\/v2\/media\/2384"}],"wp:attachment":[{"href":"http:\/\/jewelz.dk\/index.php?rest_route=%2Fwp%2Fv2%2Fmedia&parent=2490"}],"curies":[{"name":"wp","href":"https:\/\/api.w.org\/{rel}","templated":true}]}}