{"id":2091,"date":"2020-10-05T12:15:02","date_gmt":"2020-10-05T10:15:02","guid":{"rendered":"http:\/\/157.230.24.196\/?post_type=product&#038;p=2091"},"modified":"2020-10-06T13:44:48","modified_gmt":"2020-10-06T11:44:48","slug":"brillanz-ring-hvidguld-005-100-ct","status":"publish","type":"product","link":"http:\/\/jewelz.dk\/?product=brillanz-ring-hvidguld-005-100-ct","title":{"rendered":"Brillanz Diamantring 0,05-1,00ct."},"content":{"rendered":"<h3>Brillanz diamantringe &#8211; En del af Jewelz net kollektion som\u00a0 kun kan k\u00f8bes online til de bedste priser<\/h3>\n<p>Klassisk juveler-ring med\u00a0 en brillant i 14 kt. hvidguld. Byt til en st\u00f8rre brillant inden for 2 \u00e5r<\/p>\n<div>Vi tilbyder nogle smykkekollektioner og smykketyper med s\u00e6rligt fokus p\u00e5 net salg. Denne kollektion kaldes Danish Design Jewels og den markedsf\u00f8res alene online. kollektionen er meget konkurrencedygtig p\u00e5 pris, fordi der ikke er investere i butiksudstillingsmaterialer og trykte brochurer mm, samt ikke mindst er der sk\u00e5ret de betydelige omkostninger v\u00e6k der er forbundet med opbygning af forhandlere rundt omkring i verden. Derfor f\u00e5r du rigtigt meget v\u00e6rdi for pengene. Kort sagt det er dansk design og h\u00e5ndv\u00e6rk til rene nettopriser.<\/div>\n<div><\/div>\n<div><strong>Vi garanterer us\u00e6dvanligt gode priser, og en unik <span style=\"color: #339966;\">prisgaranti<\/span> p\u00e5 disse ringe.<\/strong><br \/>\nBrillanz er den klassiske ombytningsring, hvor vi matcher enhver netpris, med en h\u00e5ndfast prisgaranti p\u00e5 \u00e6gte diamantringe i 14 karat guld. Hos os er du ogs\u00e5 sikker p\u00e5 at f\u00e5 en diamantring der er fremstillet i Danmark i guldsmedens bedste kvalitet.<\/div>\n<div><\/div>\n<div><\/div>\n","protected":false},"excerpt":{"rendered":"<p>Brillanz diamantringe &#8211; En del af Jewelz net kollektion som\u00a0 kun kan k\u00f8bes online til de bedste priser Klassisk juveler-ring med\u00a0 en brillant i 14 kt. hvidguld. Byt til en st\u00f8rre brillant inden for 2 \u00e5r Vi tilbyder nogle smykkekollektioner og smykketyper med s\u00e6rligt fokus p\u00e5 net salg. Denne kollektion kaldes Danish Design Jewels og&hellip;<\/p>\n","protected":false},"featured_media":828,"comment_status":"open","ping_status":"closed","template":"","meta":[],"_links":{"self":[{"href":"http:\/\/jewelz.dk\/index.php?rest_route=\/wp\/v2\/product\/2091"}],"collection":[{"href":"http:\/\/jewelz.dk\/index.php?rest_route=\/wp\/v2\/product"}],"about":[{"href":"http:\/\/jewelz.dk\/index.php?rest_route=\/wp\/v2\/types\/product"}],"replies":[{"embeddable":true,"href":"http:\/\/jewelz.dk\/index.php?rest_route=%2Fwp%2Fv2%2Fcomments&post=2091"}],"wp:featuredmedia":[{"embeddable":true,"href":"http:\/\/jewelz.dk\/index.php?rest_route=\/wp\/v2\/media\/828"}],"wp:attachment":[{"href":"http:\/\/jewelz.dk\/index.php?rest_route=%2Fwp%2Fv2%2Fmedia&parent=2091"}],"curies":[{"name":"wp","href":"https:\/\/api.w.org\/{rel}","templated":true}]}}