{"id":1995,"date":"2020-10-02T12:15:32","date_gmt":"2020-10-02T10:15:32","guid":{"rendered":"http:\/\/157.230.24.196\/?post_type=product&#038;p=1995"},"modified":"2020-10-09T16:16:17","modified_gmt":"2020-10-09T14:16:17","slug":"jewelz-ring-005ct-100ct-kopier","status":"publish","type":"product","link":"http:\/\/jewelz.dk\/?product=jewelz-ring-005ct-100ct-kopier","title":{"rendered":"Jewelz Diamantring 0,05ct &#8211; 1,00ct."},"content":{"rendered":"<h3><strong>Klassisk diamantring i guld eller hvidguld med 1 brillant slebet diamant.<\/strong><\/h3>\n<p>&nbsp;<\/p>\n<p>Art Jewelz ringene er skabt for at kunne tilbyde dig klassiske diamantringe til en fantastisk konkurrencedygtig pris, uden at g\u00e5 p\u00e5 kompromis med din oplevelse af den fantastiske brillant. Du kan selv sammenligne med andre diamantringe, hos din lokale guldsmed eller her p\u00e5 nettet.<\/p>\n<p>N\u00e5r du k\u00f8ber en \u00a0Art Jewelz diamantring, s\u00e5 f\u00f8lger der et diamant-certifikat sammen med din ring. Diamant-certifikatet indeholder en beskrivelse af diamant kvaliteten p\u00e5 den diamant der er indfattet i din ring. Alle diamanterne fra Jewelz.dk er brilliant slebet, og kaldes derfor ofte for brillanter. Den samlede diamantkvalitet er n\u00f8je udvalgt for at give dig den absolut \u00a0st\u00f8rste og smukkeste diamant til en meget attraktiv pris.<\/p>\n<p>&nbsp;<\/p>\n<h3>Diamanterne der vokser<\/h3>\n<p>Denne ring er udover at v\u00e6re omfattet af vores prisgaranti ogs\u00e5 omfattet af en helt unik 2 \u00e5rig ombytningsret, som betyder at dine diamantsmykker kan blive smukkere med tiden.<\/p>\n<p>Den 2 \u00e5rige ombytningsret betyder at du har ret til inden for 2 \u00e5r at ombytte dit diamantsmykke til et helt nyt smykke med en st\u00f8rre diamant\u00a0og kun betale differencen mellem det som du betalte for dit gamle diamantsmykke og det som det nye diamantsmykke med den st\u00f8rre diamant koster.<\/p>\n<p>Du kan ombytte dit Jewelz diamantsmykke lige s\u00e5 tit du vil, og hver gang betaler du kun differencen og hver gang opn\u00e5r du en ny 2 \u00e5rig ombytningsret.<\/p>\n<p>Du kan ombytte b\u00e5de Brillanz ringe, halssmykker og \u00f8restikker, til nye Jewelz diamantsmykker med st\u00f8rre brillantslebne diamanter. Alle smykkerne udf\u00f8res med diamanter fra 0,05 ct. helt op til de fantastisk smukke 1,00 carat. brillantslebne diamanter.<\/p>\n<p>&nbsp;<\/p>\n","protected":false},"excerpt":{"rendered":"<p>Klassisk diamantring i guld eller hvidguld med 1 brillant slebet diamant. &nbsp; Art Jewelz ringene er skabt for at kunne tilbyde dig klassiske diamantringe til en fantastisk konkurrencedygtig pris, uden at g\u00e5 p\u00e5 kompromis med din oplevelse af den fantastiske brillant. Du kan selv sammenligne med andre diamantringe, hos din lokale guldsmed eller her p\u00e5&hellip;<\/p>\n","protected":false},"featured_media":2235,"comment_status":"open","ping_status":"closed","template":"","meta":[],"_links":{"self":[{"href":"http:\/\/jewelz.dk\/index.php?rest_route=\/wp\/v2\/product\/1995"}],"collection":[{"href":"http:\/\/jewelz.dk\/index.php?rest_route=\/wp\/v2\/product"}],"about":[{"href":"http:\/\/jewelz.dk\/index.php?rest_route=\/wp\/v2\/types\/product"}],"replies":[{"embeddable":true,"href":"http:\/\/jewelz.dk\/index.php?rest_route=%2Fwp%2Fv2%2Fcomments&post=1995"}],"wp:featuredmedia":[{"embeddable":true,"href":"http:\/\/jewelz.dk\/index.php?rest_route=\/wp\/v2\/media\/2235"}],"wp:attachment":[{"href":"http:\/\/jewelz.dk\/index.php?rest_route=%2Fwp%2Fv2%2Fmedia&parent=1995"}],"curies":[{"name":"wp","href":"https:\/\/api.w.org\/{rel}","templated":true}]}}