{"id":1415,"date":"2020-10-02T11:14:19","date_gmt":"2020-10-02T09:14:19","guid":{"rendered":"http:\/\/157.230.24.196\/?post_type=product&#038;p=1415"},"modified":"2025-05-09T05:48:14","modified_gmt":"2025-05-09T03:48:14","slug":"deluxz-diamantring","status":"publish","type":"product","link":"http:\/\/jewelz.dk\/?product=deluxz-diamantring","title":{"rendered":"Deluxz diamantring"},"content":{"rendered":"<h1>Deluxz diamantringene\u00a0&#8211;\u00a0En del af\u00a0Danish\u00a0Design\u00a0Jewels kollektionen<\/h1>\n<div><strong>Deluxz diamantringene er\u00a0del af online kollektionen (kan kun k\u00f8bes online &#8211; til de bedste priser)<\/strong><\/div>\n<div>\n<p>Hos Jewelz har vi\u00a0 nogle smykkekollektioner og smykketyper med s\u00e6rligt fokus p\u00e5 online salg. Denne kollektion hedder Danish Design Jewels og den markedsf\u00f8res alene online. Danish Design Jewels kollektionen er meget konkurrencedygtig p\u00e5 pris, fordi der ikke er investeret i butiksudstillingsmaterialer og trykte brochurer mm, samt ikke mindst er der sk\u00e5ret de betydelige omkostninger v\u00e6k der er forbundet med opbygning af forhandlere rundt omkring i verden. Derfor f\u00e5r du rigtigt meget v\u00e6rdi for pengene i Danish Design Jewels kollektionen,. Kort sagt Danish Design Jewels er dansk design og h\u00e5ndv\u00e6rk til rene nettopriser.<\/p>\n<p><img src=\"data:image\/gif;base64,R0lGODlhAQABAAAAACH5BAEKAAEALAAAAAABAAEAAAICTAEAOw==\" data-src=\"https:\/\/janjorgensensmykker.dk\/image.php?filename=\/upload\/IC\/Image\/Grafik\/2014\/250_sort_DanishDesignJewels.png&amp;mwidth=150&amp;mheight=59\" alt=\"\" class=\"lazyload\" \/><\/p>\n<p><strong>Vi garanterer us\u00e6dvanligt gode priser, og en unik prisgaranti p\u00e5 disse ringe.<\/strong><br \/>\nDeluxz er den internationale og moderne ombytningsring, hvor vi matcher enhver netpris, med en h\u00e5ndfast prisgaranti p\u00e5 \u00e6gte\u00a014 karat diamantringe. Og hos os er du ogs\u00e5 sikker p\u00e5 at f\u00e5 en diamantring der er fremstillet i Danmark i guldsmedens bedste kvalitet.<\/p>\n<p><strong>Mere om disse\u00a0Deluxz guldringe med diamant p\u00e5 0,05 og op til hele 1,00\u00a0ct:<\/strong><br \/>\nAlle ringene i serien har en kraftig skinne, og en elegant 6 grebs fatning,\u00a0der\u00a0f\u00e5r diamanten i midten til at fremst\u00e5 st\u00f8rre og med det ultimative skin i brillant-facetterne, ringene\u00a0skaber et\u00a0flot udtryk\u00a0p\u00e5 fingeren. I \u00f8vrigt f\u00e5r du meget mere end 0,05 ct. n\u00e5r du v\u00e6lger den, for det er center-stenen, den i midten, der er 0,05 ct. Ned af siderne f\u00e5r du yderlige diamanter, s\u00e5 ringen i alt har 0,15 ct. Se her i oversigten, hvor mange carat diamater du reelt f\u00e5r i din Deluxz ring:<\/p>\n<p>Center-stenen er: \u00a0 \u00a0Ekstra brillanter, ned af siderne: \u00a0 \u00a0 I alt ct.:<br \/>\n0,05 ct. \u00a0 \u00a0 \u00a0 \u00a0 \u00a0 \u00a0 \u00a0 \u00a0 \u00a0 \u00a0 \u00a0 0,16 ct. \u00a0 \u00a0 \u00a0 \u00a0 \u00a0 \u00a0 \u00a0 \u00a0 \u00a0 \u00a0 \u00a0 \u00a0 \u00a0 \u00a0 \u00a0 \u00a0 \u00a0 \u00a0 \u00a0 \u00a0 \u00a0 \u00a0 \u00a0 0,21 ct.<br \/>\n0,10 ct. \u00a0 \u00a0 \u00a0 \u00a0 \u00a0 \u00a0 \u00a0 \u00a0 \u00a0 \u00a0 \u00a0 0,20 ct. \u00a0 \u00a0 \u00a0 \u00a0 \u00a0 \u00a0 \u00a0 \u00a0 \u00a0 \u00a0 \u00a0 \u00a0 \u00a0 \u00a0 \u00a0 \u00a0 \u00a0 \u00a0 \u00a0 \u00a0 \u00a0 \u00a0 \u00a0 0,30 ct.<br \/>\n0,15 ct. \u00a0 \u00a0 \u00a0 \u00a0 \u00a0 \u00a0 \u00a0 \u00a0 \u00a0 \u00a0 \u00a0 0,24 ct. \u00a0 \u00a0 \u00a0 \u00a0 \u00a0 \u00a0 \u00a0 \u00a0 \u00a0 \u00a0 \u00a0 \u00a0 \u00a0 \u00a0 \u00a0 \u00a0 \u00a0 \u00a0 \u00a0 \u00a0 \u00a0 \u00a0 \u00a0 0,39 ct.<br \/>\n0,25 ct. \u00a0 \u00a0 \u00a0 \u00a0 \u00a0 \u00a0 \u00a0 \u00a0 \u00a0 \u00a0 \u00a0 0,28 ct. \u00a0 \u00a0 \u00a0 \u00a0 \u00a0 \u00a0 \u00a0 \u00a0 \u00a0 \u00a0 \u00a0 \u00a0 \u00a0 \u00a0 \u00a0 \u00a0 \u00a0 \u00a0 \u00a0 \u00a0 \u00a0 \u00a0 \u00a0 0,53 ct.<br \/>\n0,35 ct. \u00a0 \u00a0 \u00a0 \u00a0 \u00a0 \u00a0 \u00a0 \u00a0 \u00a0 \u00a0 \u00a0 0,30 ct. \u00a0 \u00a0 \u00a0 \u00a0 \u00a0 \u00a0 \u00a0 \u00a0 \u00a0 \u00a0 \u00a0 \u00a0 \u00a0 \u00a0 \u00a0 \u00a0 \u00a0 \u00a0 \u00a0 \u00a0 \u00a0 \u00a0 \u00a0 0,65 ct.<br \/>\n0,50 ct. \u00a0 \u00a0 \u00a0 \u00a0 \u00a0 \u00a0 \u00a0 \u00a0 \u00a0 \u00a0 \u00a0 0,34 ct. \u00a0 \u00a0 \u00a0 \u00a0 \u00a0 \u00a0 \u00a0 \u00a0 \u00a0 \u00a0 \u00a0 \u00a0 \u00a0 \u00a0 \u00a0 \u00a0 \u00a0 \u00a0 \u00a0 \u00a0 \u00a0 \u00a0 \u00a0 0,84 ct.<\/p>\n<p>Alle Deluxz diamant ringe\u00a0er ombytningsringe i 8-14 karat guld, hvilket betyder at du kan bytte din diamantring til en ring med en st\u00f8rre diamant inden for 2 \u00e5r, og kun betale differencen mellem det din gamle ring kostede og det den nye koster. Dit nye smykke skal dog altid koste minimum 30% mere, jvf. det<\/p>\n<\/div>\n","protected":false},"excerpt":{"rendered":"<p>Deluxz diamantringene\u00a0&#8211;\u00a0En del af\u00a0Danish\u00a0Design\u00a0Jewels kollektionen Deluxz diamantringene er\u00a0del af online kollektionen (kan kun k\u00f8bes online &#8211; til de bedste priser) Hos Jewelz har vi\u00a0 nogle smykkekollektioner og smykketyper med s\u00e6rligt fokus p\u00e5 online salg. Denne kollektion hedder Danish Design Jewels og den markedsf\u00f8res alene online. Danish Design Jewels kollektionen er meget konkurrencedygtig p\u00e5 pris, fordi&hellip;<\/p>\n","protected":false},"featured_media":1412,"comment_status":"open","ping_status":"closed","template":"","meta":[],"_links":{"self":[{"href":"http:\/\/jewelz.dk\/index.php?rest_route=\/wp\/v2\/product\/1415"}],"collection":[{"href":"http:\/\/jewelz.dk\/index.php?rest_route=\/wp\/v2\/product"}],"about":[{"href":"http:\/\/jewelz.dk\/index.php?rest_route=\/wp\/v2\/types\/product"}],"replies":[{"embeddable":true,"href":"http:\/\/jewelz.dk\/index.php?rest_route=%2Fwp%2Fv2%2Fcomments&post=1415"}],"wp:featuredmedia":[{"embeddable":true,"href":"http:\/\/jewelz.dk\/index.php?rest_route=\/wp\/v2\/media\/1412"}],"wp:attachment":[{"href":"http:\/\/jewelz.dk\/index.php?rest_route=%2Fwp%2Fv2%2Fmedia&parent=1415"}],"curies":[{"name":"wp","href":"https:\/\/api.w.org\/{rel}","templated":true}]}}