{"id":1301,"date":"2020-09-30T15:20:27","date_gmt":"2020-09-30T13:20:27","guid":{"rendered":"http:\/\/157.230.24.196\/?post_type=product&#038;p=1301"},"modified":"2020-10-01T12:49:03","modified_gmt":"2020-10-01T10:49:03","slug":"oereringe-i-forgyldt-soelv-med-rosaquartz","status":"publish","type":"product","link":"http:\/\/jewelz.dk\/?product=oereringe-i-forgyldt-soelv-med-rosaquartz","title":{"rendered":"\u00d8reringe i forgyldt s\u00f8lv med rosaquartz"},"content":{"rendered":"<p>\u00d8reringe i forgyldt s\u00f8lv med rosaquartz<\/p>\n","protected":false},"excerpt":{"rendered":"<p>\u00d8reringe i forgyldt s\u00f8lv med rosaquartz<\/p>\n","protected":false},"featured_media":1251,"comment_status":"open","ping_status":"closed","template":"","meta":[],"_links":{"self":[{"href":"http:\/\/jewelz.dk\/index.php?rest_route=\/wp\/v2\/product\/1301"}],"collection":[{"href":"http:\/\/jewelz.dk\/index.php?rest_route=\/wp\/v2\/product"}],"about":[{"href":"http:\/\/jewelz.dk\/index.php?rest_route=\/wp\/v2\/types\/product"}],"replies":[{"embeddable":true,"href":"http:\/\/jewelz.dk\/index.php?rest_route=%2Fwp%2Fv2%2Fcomments&post=1301"}],"wp:featuredmedia":[{"embeddable":true,"href":"http:\/\/jewelz.dk\/index.php?rest_route=\/wp\/v2\/media\/1251"}],"wp:attachment":[{"href":"http:\/\/jewelz.dk\/index.php?rest_route=%2Fwp%2Fv2%2Fmedia&parent=1301"}],"curies":[{"name":"wp","href":"https:\/\/api.w.org\/{rel}","templated":true}]}}