{"id":1300,"date":"2020-09-30T15:16:31","date_gmt":"2020-09-30T13:16:31","guid":{"rendered":"http:\/\/157.230.24.196\/?post_type=product&#038;p=1300"},"modified":"2020-09-30T15:29:21","modified_gmt":"2020-09-30T13:29:21","slug":"forgyldt-soelv-vedhaeng-med-rosaquartz-inklusiv-en-45-cm-kaede","status":"publish","type":"product","link":"http:\/\/jewelz.dk\/?product=forgyldt-soelv-vedhaeng-med-rosaquartz-inklusiv-en-45-cm-kaede","title":{"rendered":"Forgyldt s\u00f8lv vedh\u00e6ng med rosaquartz inklusiv en 45 cm k\u00e6de"},"content":{"rendered":"<p>Forgyldt s\u00f8lv vedh\u00e6ng med rosaquartz inklusiv en 45 cm k\u00e6de<\/p>\n","protected":false},"excerpt":{"rendered":"<p>Forgyldt s\u00f8lv vedh\u00e6ng med rosaquartz inklusiv en 45 cm k\u00e6de<\/p>\n","protected":false},"featured_media":1250,"comment_status":"open","ping_status":"closed","template":"","meta":[],"_links":{"self":[{"href":"http:\/\/jewelz.dk\/index.php?rest_route=\/wp\/v2\/product\/1300"}],"collection":[{"href":"http:\/\/jewelz.dk\/index.php?rest_route=\/wp\/v2\/product"}],"about":[{"href":"http:\/\/jewelz.dk\/index.php?rest_route=\/wp\/v2\/types\/product"}],"replies":[{"embeddable":true,"href":"http:\/\/jewelz.dk\/index.php?rest_route=%2Fwp%2Fv2%2Fcomments&post=1300"}],"wp:featuredmedia":[{"embeddable":true,"href":"http:\/\/jewelz.dk\/index.php?rest_route=\/wp\/v2\/media\/1250"}],"wp:attachment":[{"href":"http:\/\/jewelz.dk\/index.php?rest_route=%2Fwp%2Fv2%2Fmedia&parent=1300"}],"curies":[{"name":"wp","href":"https:\/\/api.w.org\/{rel}","templated":true}]}}