{"id":1299,"date":"2020-09-30T15:10:44","date_gmt":"2020-09-30T13:10:44","guid":{"rendered":"http:\/\/157.230.24.196\/?post_type=product&#038;p=1299"},"modified":"2020-09-30T15:10:45","modified_gmt":"2020-09-30T13:10:45","slug":"oereringe-i-soelv-med-perle","status":"publish","type":"product","link":"http:\/\/jewelz.dk\/?product=oereringe-i-soelv-med-perle","title":{"rendered":"\u00d8reringe i s\u00f8lv med perle"},"content":{"rendered":"<p>\u00d8reringe i s\u00f8lv med perle 2,5 cm x 1,3 cm<\/p>\n","protected":false},"excerpt":{"rendered":"<p>\u00d8reringe i s\u00f8lv med perle 2,5 cm x 1,3 cm<\/p>\n","protected":false},"featured_media":1254,"comment_status":"open","ping_status":"closed","template":"","meta":[],"_links":{"self":[{"href":"http:\/\/jewelz.dk\/index.php?rest_route=\/wp\/v2\/product\/1299"}],"collection":[{"href":"http:\/\/jewelz.dk\/index.php?rest_route=\/wp\/v2\/product"}],"about":[{"href":"http:\/\/jewelz.dk\/index.php?rest_route=\/wp\/v2\/types\/product"}],"replies":[{"embeddable":true,"href":"http:\/\/jewelz.dk\/index.php?rest_route=%2Fwp%2Fv2%2Fcomments&post=1299"}],"wp:featuredmedia":[{"embeddable":true,"href":"http:\/\/jewelz.dk\/index.php?rest_route=\/wp\/v2\/media\/1254"}],"wp:attachment":[{"href":"http:\/\/jewelz.dk\/index.php?rest_route=%2Fwp%2Fv2%2Fmedia&parent=1299"}],"curies":[{"name":"wp","href":"https:\/\/api.w.org\/{rel}","templated":true}]}}