{"id":1295,"date":"2020-09-30T14:42:16","date_gmt":"2020-09-30T12:42:16","guid":{"rendered":"http:\/\/157.230.24.196\/?post_type=product&#038;p=1295"},"modified":"2020-09-30T14:42:19","modified_gmt":"2020-09-30T12:42:19","slug":"seville-soelv-oerestik-med-muliti-farvede-zirkonia-10mm-i-diameter","status":"publish","type":"product","link":"http:\/\/jewelz.dk\/?product=seville-soelv-oerestik-med-muliti-farvede-zirkonia-10mm-i-diameter","title":{"rendered":"Seville s\u00f8lv \u00f8restik med muliti farvede zirkonia , 10mm i diameter"},"content":{"rendered":"<p>Seville s\u00f8lv \u00f8restik med muliti farvede zirkonia , 10mm i diameter<\/p>\n","protected":false},"excerpt":{"rendered":"<p>Seville s\u00f8lv \u00f8restik med muliti farvede zirkonia , 10mm i diameter<\/p>\n","protected":false},"featured_media":1243,"comment_status":"open","ping_status":"closed","template":"","meta":[],"_links":{"self":[{"href":"http:\/\/jewelz.dk\/index.php?rest_route=\/wp\/v2\/product\/1295"}],"collection":[{"href":"http:\/\/jewelz.dk\/index.php?rest_route=\/wp\/v2\/product"}],"about":[{"href":"http:\/\/jewelz.dk\/index.php?rest_route=\/wp\/v2\/types\/product"}],"replies":[{"embeddable":true,"href":"http:\/\/jewelz.dk\/index.php?rest_route=%2Fwp%2Fv2%2Fcomments&post=1295"}],"wp:featuredmedia":[{"embeddable":true,"href":"http:\/\/jewelz.dk\/index.php?rest_route=\/wp\/v2\/media\/1243"}],"wp:attachment":[{"href":"http:\/\/jewelz.dk\/index.php?rest_route=%2Fwp%2Fv2%2Fmedia&parent=1295"}],"curies":[{"name":"wp","href":"https:\/\/api.w.org\/{rel}","templated":true}]}}