{"id":1262,"date":"2020-09-30T13:47:34","date_gmt":"2020-09-30T11:47:34","guid":{"rendered":"http:\/\/157.230.24.196\/?post_type=product&#038;p=1262"},"modified":"2025-05-02T22:27:56","modified_gmt":"2025-05-02T20:27:56","slug":"soelv-vedhaeng-med-calcedon-og-45cm-soelv-kaede","status":"publish","type":"product","link":"http:\/\/jewelz.dk\/?product=soelv-vedhaeng-med-calcedon-og-45cm-soelv-kaede","title":{"rendered":"S\u00f8lv vedh\u00e6ng med calcedon og 45cm s\u00f8lv k\u00e6de"},"content":{"rendered":"<p>S\u00f8lv vedh\u00e6ng med calcedon inklusiv en 45cm s\u00f8lv k\u00e6de<\/p>\n","protected":false},"excerpt":{"rendered":"<p>S\u00f8lv vedh\u00e6ng med calcedon inklusiv en 45cm s\u00f8lv k\u00e6de<\/p>\n","protected":false},"featured_media":1248,"comment_status":"open","ping_status":"closed","template":"","meta":[],"_links":{"self":[{"href":"http:\/\/jewelz.dk\/index.php?rest_route=\/wp\/v2\/product\/1262"}],"collection":[{"href":"http:\/\/jewelz.dk\/index.php?rest_route=\/wp\/v2\/product"}],"about":[{"href":"http:\/\/jewelz.dk\/index.php?rest_route=\/wp\/v2\/types\/product"}],"replies":[{"embeddable":true,"href":"http:\/\/jewelz.dk\/index.php?rest_route=%2Fwp%2Fv2%2Fcomments&post=1262"}],"wp:featuredmedia":[{"embeddable":true,"href":"http:\/\/jewelz.dk\/index.php?rest_route=\/wp\/v2\/media\/1248"}],"wp:attachment":[{"href":"http:\/\/jewelz.dk\/index.php?rest_route=%2Fwp%2Fv2%2Fmedia&parent=1262"}],"curies":[{"name":"wp","href":"https:\/\/api.w.org\/{rel}","templated":true}]}}