{"id":1261,"date":"2020-10-06T10:23:08","date_gmt":"2020-10-06T08:23:08","guid":{"rendered":"http:\/\/157.230.24.196\/?post_type=product&#038;p=1261"},"modified":"2020-10-06T10:23:09","modified_gmt":"2020-10-06T08:23:09","slug":"seville-soelv-forgyldt-oerestikker","status":"publish","type":"product","link":"http:\/\/jewelz.dk\/?product=seville-soelv-forgyldt-oerestikker","title":{"rendered":"Seville s\u00f8lv forgyldt \u00f8restikker"},"content":{"rendered":"<p>Seville s\u00f8lv forgyldt \u00f8restikker\u00a0 8mm<\/p>\n","protected":false},"excerpt":{"rendered":"<p>Seville s\u00f8lv forgyldt \u00f8restikker\u00a0 8mm<\/p>\n","protected":false},"featured_media":1430,"comment_status":"open","ping_status":"closed","template":"","meta":[],"_links":{"self":[{"href":"http:\/\/jewelz.dk\/index.php?rest_route=\/wp\/v2\/product\/1261"}],"collection":[{"href":"http:\/\/jewelz.dk\/index.php?rest_route=\/wp\/v2\/product"}],"about":[{"href":"http:\/\/jewelz.dk\/index.php?rest_route=\/wp\/v2\/types\/product"}],"replies":[{"embeddable":true,"href":"http:\/\/jewelz.dk\/index.php?rest_route=%2Fwp%2Fv2%2Fcomments&post=1261"}],"wp:featuredmedia":[{"embeddable":true,"href":"http:\/\/jewelz.dk\/index.php?rest_route=\/wp\/v2\/media\/1430"}],"wp:attachment":[{"href":"http:\/\/jewelz.dk\/index.php?rest_route=%2Fwp%2Fv2%2Fmedia&parent=1261"}],"curies":[{"name":"wp","href":"https:\/\/api.w.org\/{rel}","templated":true}]}}