{"id":1259,"date":"2020-09-30T13:21:52","date_gmt":"2020-09-30T11:21:52","guid":{"rendered":"http:\/\/157.230.24.196\/?post_type=product&#038;p=1259"},"modified":"2020-09-30T15:31:13","modified_gmt":"2020-09-30T13:31:13","slug":"seville-soelv-forgyldt-plade-vedhaeng-13x8mm-med-45cm-forgyldt-soelvkaede","status":"publish","type":"product","link":"http:\/\/jewelz.dk\/?product=seville-soelv-forgyldt-plade-vedhaeng-13x8mm-med-45cm-forgyldt-soelvkaede","title":{"rendered":"Seville s\u00f8lv forgyldt plade vedh\u00e6ng  13x8mm, med 45cm forgyldt s\u00f8lvk\u00e6de"},"content":{"rendered":"<p>Seville s\u00f8lv forgyldt plade vedh\u00e6ng 13x8mm, med 45cm forgyldt s\u00f8lvk\u00e6de<\/p>\n","protected":false},"excerpt":{"rendered":"<p>Seville s\u00f8lv forgyldt plade vedh\u00e6ng 13x8mm, med 45cm forgyldt s\u00f8lvk\u00e6de<\/p>\n","protected":false},"featured_media":1256,"comment_status":"open","ping_status":"closed","template":"","meta":[],"_links":{"self":[{"href":"http:\/\/jewelz.dk\/index.php?rest_route=\/wp\/v2\/product\/1259"}],"collection":[{"href":"http:\/\/jewelz.dk\/index.php?rest_route=\/wp\/v2\/product"}],"about":[{"href":"http:\/\/jewelz.dk\/index.php?rest_route=\/wp\/v2\/types\/product"}],"replies":[{"embeddable":true,"href":"http:\/\/jewelz.dk\/index.php?rest_route=%2Fwp%2Fv2%2Fcomments&post=1259"}],"wp:featuredmedia":[{"embeddable":true,"href":"http:\/\/jewelz.dk\/index.php?rest_route=\/wp\/v2\/media\/1256"}],"wp:attachment":[{"href":"http:\/\/jewelz.dk\/index.php?rest_route=%2Fwp%2Fv2%2Fmedia&parent=1259"}],"curies":[{"name":"wp","href":"https:\/\/api.w.org\/{rel}","templated":true}]}}