{"id":1239,"date":"2020-09-30T13:04:16","date_gmt":"2020-09-30T11:04:16","guid":{"rendered":"http:\/\/157.230.24.196\/?post_type=product&#038;p=1239"},"modified":"2020-09-30T15:36:32","modified_gmt":"2020-09-30T13:36:32","slug":"seville-soelv-forgyldt-vedhaeng-15mm-med-45cm-forgyldt-soelv-kaede","status":"publish","type":"product","link":"http:\/\/jewelz.dk\/?product=seville-soelv-forgyldt-vedhaeng-15mm-med-45cm-forgyldt-soelv-kaede","title":{"rendered":"Seville s\u00f8lv forgyldt vedh\u00e6ng 15mm, med 45cm forgyldt s\u00f8lv k\u00e6de"},"content":{"rendered":"<p>Seville s\u00f8lv forgyldt vedh\u00e6ng\u00a0 15mm, med 45cm forgyldt s\u00f8lv k\u00e6de<\/p>\n","protected":false},"excerpt":{"rendered":"<p>Seville s\u00f8lv forgyldt vedh\u00e6ng\u00a0 15mm, med 45cm forgyldt s\u00f8lv k\u00e6de<\/p>\n","protected":false},"featured_media":1245,"comment_status":"open","ping_status":"closed","template":"","meta":[],"_links":{"self":[{"href":"http:\/\/jewelz.dk\/index.php?rest_route=\/wp\/v2\/product\/1239"}],"collection":[{"href":"http:\/\/jewelz.dk\/index.php?rest_route=\/wp\/v2\/product"}],"about":[{"href":"http:\/\/jewelz.dk\/index.php?rest_route=\/wp\/v2\/types\/product"}],"replies":[{"embeddable":true,"href":"http:\/\/jewelz.dk\/index.php?rest_route=%2Fwp%2Fv2%2Fcomments&post=1239"}],"wp:featuredmedia":[{"embeddable":true,"href":"http:\/\/jewelz.dk\/index.php?rest_route=\/wp\/v2\/media\/1245"}],"wp:attachment":[{"href":"http:\/\/jewelz.dk\/index.php?rest_route=%2Fwp%2Fv2%2Fmedia&parent=1239"}],"curies":[{"name":"wp","href":"https:\/\/api.w.org\/{rel}","templated":true}]}}